{"id":9507,"date":"2019-03-26T11:49:45","date_gmt":"2019-03-26T10:49:45","guid":{"rendered":"https:\/\/dga.de\/produkt\/biguma-sws\/"},"modified":"2024-09-12T13:10:31","modified_gmt":"2024-09-12T11:10:31","slug":"biguma-sws","status":"publish","type":"product","link":"https:\/\/dga.de\/fr\/produkt\/biguma-sws\/","title":{"rendered":"BIGUMA\u00ae- SWS"},"content":{"rendered":"<p>BIGUMA\u00ae- SWS est particuli\u00e8rement adapt\u00e9 \u00e0 l&rsquo;\u00e9limination des salissures du bitume en raison de son effet dissolvant et \u00e9mulsifiant. Il suffit de pulv\u00e9riser BIGUMA\u00ae- SWS sans le diluer sur l&rsquo;objet \u00e0 nettoyer, et de l&rsquo;essuyer apr\u00e8s une courte exposition, par exemple avec un chiffon, et de le laver enfin \u00e0 l&rsquo;eau. Pendant le temps d&rsquo;exposition, vous pouvez nettoyer l&rsquo;objet avec une brosse \u00e0 cheveux.<\/p>\n","protected":false},"excerpt":{"rendered":"<p>Nettoyant \u00e0 froid pour le nettoyage et le retrait du bitume<\/p>\n[fusion_global id=\"12385\"]\n","protected":false},"featured_media":21646,"comment_status":"closed","ping_status":"closed","template":"","meta":[],"product_brand":[],"product_cat":[945,964,948],"product_tag":[965],"class_list":{"0":"post-9507","1":"product","2":"type-product","3":"status-publish","4":"has-post-thumbnail","6":"product_cat-strassenbau-fr","7":"product_cat-reinigungsmittel-fr","8":"product_cat-zusatzprodukte-fr","9":"product_tag-kaltreiniger-reinigung-bitumenentfernung-geraetereinigung-werkzeugreinigung-fr","11":"first","12":"instock","13":"product-type-simple"},"_links":{"self":[{"href":"https:\/\/dga.de\/fr\/wp-json\/wp\/v2\/product\/9507","targetHints":{"allow":["GET"]}}],"collection":[{"href":"https:\/\/dga.de\/fr\/wp-json\/wp\/v2\/product"}],"about":[{"href":"https:\/\/dga.de\/fr\/wp-json\/wp\/v2\/types\/product"}],"replies":[{"embeddable":true,"href":"https:\/\/dga.de\/fr\/wp-json\/wp\/v2\/comments?post=9507"}],"wp:featuredmedia":[{"embeddable":true,"href":"https:\/\/dga.de\/fr\/wp-json\/wp\/v2\/media\/21646"}],"wp:attachment":[{"href":"https:\/\/dga.de\/fr\/wp-json\/wp\/v2\/media?parent=9507"}],"wp:term":[{"taxonomy":"product_brand","embeddable":true,"href":"https:\/\/dga.de\/fr\/wp-json\/wp\/v2\/product_brand?post=9507"},{"taxonomy":"product_cat","embeddable":true,"href":"https:\/\/dga.de\/fr\/wp-json\/wp\/v2\/product_cat?post=9507"},{"taxonomy":"product_tag","embeddable":true,"href":"https:\/\/dga.de\/fr\/wp-json\/wp\/v2\/product_tag?post=9507"}],"curies":[{"name":"wp","href":"https:\/\/api.w.org\/{rel}","templated":true}]}}