{"id":9531,"date":"2019-03-26T11:49:45","date_gmt":"2019-03-26T10:49:45","guid":{"rendered":"https:\/\/dga.de\/produkt\/dobau-plast-s\/"},"modified":"2022-05-03T11:05:11","modified_gmt":"2022-05-03T09:05:11","slug":"dobau-plast-s","status":"publish","type":"product","link":"https:\/\/dga.de\/fr\/produkt\/dobau-plast-s\/","title":{"rendered":"DOBAU\u00ae- Plast S"},"content":{"rendered":"<p>Nous avons sp\u00e9cialement con\u00e7u la masse d&rsquo;\u00e9tanch\u00e9it\u00e9 thixotropique DOBAU\u00ae- Plast S pour \u00e9tanch\u00e9ifier les balcons et les terrasses contre l&rsquo;eau. Elle est \u00e9galement utilis\u00e9e pour \u00e9tanch\u00e9ifier contre l&rsquo;humidit\u00e9 du sol les dalles de sol, les murs et les parties en contact avec le sol. Gr\u00e2ce \u00e0 sa conception thixotropique, DOBAU\u00ae- Plast S peut \u00eatre parfaitement utilis\u00e9e sur les surfaces verticales.<\/p>\n","protected":false},"excerpt":{"rendered":"<p>Masse d&rsquo;\u00e9tanch\u00e9it\u00e9 de toit ultra \u00e9lastique \u00e0 base d&rsquo;une \u00e9mulsion de bitume-latex, sans solvant<\/p>\n[fusion_global id=\"12385\"]\n","protected":false},"featured_media":20912,"comment_status":"closed","ping_status":"closed","template":"","meta":[],"product_brand":[],"product_cat":[966],"product_tag":[975],"class_list":{"0":"post-9531","1":"product","2":"type-product","3":"status-publish","4":"has-post-thumbnail","6":"product_cat-bautenschutz-fr","7":"product_tag-dichtungsmasse-abdichtung-balkonabdichtung-terassenabdichtung-abdichten-fr","9":"first","10":"instock","11":"product-type-simple"},"_links":{"self":[{"href":"https:\/\/dga.de\/fr\/wp-json\/wp\/v2\/product\/9531","targetHints":{"allow":["GET"]}}],"collection":[{"href":"https:\/\/dga.de\/fr\/wp-json\/wp\/v2\/product"}],"about":[{"href":"https:\/\/dga.de\/fr\/wp-json\/wp\/v2\/types\/product"}],"replies":[{"embeddable":true,"href":"https:\/\/dga.de\/fr\/wp-json\/wp\/v2\/comments?post=9531"}],"wp:featuredmedia":[{"embeddable":true,"href":"https:\/\/dga.de\/fr\/wp-json\/wp\/v2\/media\/20912"}],"wp:attachment":[{"href":"https:\/\/dga.de\/fr\/wp-json\/wp\/v2\/media?parent=9531"}],"wp:term":[{"taxonomy":"product_brand","embeddable":true,"href":"https:\/\/dga.de\/fr\/wp-json\/wp\/v2\/product_brand?post=9531"},{"taxonomy":"product_cat","embeddable":true,"href":"https:\/\/dga.de\/fr\/wp-json\/wp\/v2\/product_cat?post=9531"},{"taxonomy":"product_tag","embeddable":true,"href":"https:\/\/dga.de\/fr\/wp-json\/wp\/v2\/product_tag?post=9531"}],"curies":[{"name":"wp","href":"https:\/\/api.w.org\/{rel}","templated":true}]}}