{"id":9538,"date":"2019-03-26T11:49:45","date_gmt":"2019-03-26T10:49:45","guid":{"rendered":"https:\/\/dga.de\/produkt\/dobau-schutz-und-dachanstrich-duo\/"},"modified":"2023-03-01T09:30:37","modified_gmt":"2023-03-01T08:30:37","slug":"dobau-schutz-und-dachanstrich","status":"publish","type":"product","link":"https:\/\/dga.de\/fr\/produkt\/dobau-schutz-und-dachanstrich\/","title":{"rendered":"DOBAU\u00ae-Schutz- und Dachanstrich"},"content":{"rendered":"<p>DOBAU\u00ae- Schutz- und Dachanstrich est un rev\u00eatement de toiture pour les membranes de toiture et autres rev\u00eatements de toiture bitumineux. Il a \u00e9galement un effet d\u2019\u00e9tanch\u00e9it\u00e9 contre l\u2019humidit\u00e9 du sol sur les dalles de sol et sur les murs des \u00e9l\u00e9ments de construction en contact avec le sol.<\/p>\n","protected":false},"excerpt":{"rendered":"<p>Rev\u00eatement de toiture noir \u00e0 base d&rsquo;\u00e9mulsion bitume<\/p>\n[fusion_global id=\"12385\"]\n","protected":false},"featured_media":18414,"comment_status":"closed","ping_status":"closed","template":"","meta":[],"product_brand":[],"product_cat":[966],"product_tag":[977],"class_list":{"0":"post-9538","1":"product","2":"type-product","3":"status-publish","4":"has-post-thumbnail","6":"product_cat-bautenschutz-fr","7":"product_tag-schutzanstrich-dachanstrich-deckanstrich-anstrich-schuetzen-fr","9":"first","10":"instock","11":"product-type-simple"},"_links":{"self":[{"href":"https:\/\/dga.de\/fr\/wp-json\/wp\/v2\/product\/9538","targetHints":{"allow":["GET"]}}],"collection":[{"href":"https:\/\/dga.de\/fr\/wp-json\/wp\/v2\/product"}],"about":[{"href":"https:\/\/dga.de\/fr\/wp-json\/wp\/v2\/types\/product"}],"replies":[{"embeddable":true,"href":"https:\/\/dga.de\/fr\/wp-json\/wp\/v2\/comments?post=9538"}],"wp:featuredmedia":[{"embeddable":true,"href":"https:\/\/dga.de\/fr\/wp-json\/wp\/v2\/media\/18414"}],"wp:attachment":[{"href":"https:\/\/dga.de\/fr\/wp-json\/wp\/v2\/media?parent=9538"}],"wp:term":[{"taxonomy":"product_brand","embeddable":true,"href":"https:\/\/dga.de\/fr\/wp-json\/wp\/v2\/product_brand?post=9538"},{"taxonomy":"product_cat","embeddable":true,"href":"https:\/\/dga.de\/fr\/wp-json\/wp\/v2\/product_cat?post=9538"},{"taxonomy":"product_tag","embeddable":true,"href":"https:\/\/dga.de\/fr\/wp-json\/wp\/v2\/product_tag?post=9538"}],"curies":[{"name":"wp","href":"https:\/\/api.w.org\/{rel}","templated":true}]}}