{"id":9549,"date":"2019-03-26T11:49:31","date_gmt":"2019-03-26T10:49:31","guid":{"rendered":"https:\/\/dga.de\/produkt\/nila-plast-pro-125-ii-typ-i\/"},"modified":"2026-02-13T09:09:40","modified_gmt":"2026-02-13T08:09:40","slug":"nila-plast-pro-125-ii-typ-i","status":"publish","type":"product","link":"https:\/\/dga.de\/fr\/produkt\/nila-plast-pro-125-ii-typ-i\/","title":{"rendered":"NILA\u00ae- Plast PRO 125 \/ II (Typ I)"},"content":{"rendered":"<p>NILA\u00ae- Plast PRO 125 \/ II (type I) est un produit de marquage par pose pour la cr\u00e9ation de marquages de type I pour les routes de classe P7. Ce produit de marquage convient \u00e0 tous les types de surfaces de circulation en enrob\u00e9 telles que les routes, les autoroutes et les terrains de sport dont le marquage est soumis \u00e0 des exigences \u00e9lev\u00e9es.<br \/>\nNILA\u00ae- Plast PRO 125 \/ II (type I) est appliqu\u00e9 sur des couches de surface \u00e0 des temp\u00e9ratures de 180 \u00e0 210 degr\u00e9s Celsius avec une \u00e9paisseur de couche de 3 mm, \u00e0 l&rsquo;aide d&rsquo;un sabot de marquage ou d&rsquo;une machine de pose automotrice.<\/p>\n","protected":false},"excerpt":{"rendered":"<p>Masse plastique chaude applicable par incrustation pour les marquages de type I, classe de trafic P7<\/p>\n[fusion_global id=\"12385\"]\n","protected":false},"featured_media":9550,"comment_status":"closed","ping_status":"closed","template":"","meta":[],"product_brand":[],"product_cat":[945,979],"product_tag":[],"class_list":{"0":"post-9549","1":"product","2":"type-product","3":"status-publish","4":"has-post-thumbnail","6":"product_cat-strassenbau-fr","7":"product_cat-markierungen-fr","9":"first","10":"instock","11":"product-type-simple"},"_links":{"self":[{"href":"https:\/\/dga.de\/fr\/wp-json\/wp\/v2\/product\/9549","targetHints":{"allow":["GET"]}}],"collection":[{"href":"https:\/\/dga.de\/fr\/wp-json\/wp\/v2\/product"}],"about":[{"href":"https:\/\/dga.de\/fr\/wp-json\/wp\/v2\/types\/product"}],"replies":[{"embeddable":true,"href":"https:\/\/dga.de\/fr\/wp-json\/wp\/v2\/comments?post=9549"}],"wp:featuredmedia":[{"embeddable":true,"href":"https:\/\/dga.de\/fr\/wp-json\/wp\/v2\/media\/9550"}],"wp:attachment":[{"href":"https:\/\/dga.de\/fr\/wp-json\/wp\/v2\/media?parent=9549"}],"wp:term":[{"taxonomy":"product_brand","embeddable":true,"href":"https:\/\/dga.de\/fr\/wp-json\/wp\/v2\/product_brand?post=9549"},{"taxonomy":"product_cat","embeddable":true,"href":"https:\/\/dga.de\/fr\/wp-json\/wp\/v2\/product_cat?post=9549"},{"taxonomy":"product_tag","embeddable":true,"href":"https:\/\/dga.de\/fr\/wp-json\/wp\/v2\/product_tag?post=9549"}],"curies":[{"name":"wp","href":"https:\/\/api.w.org\/{rel}","templated":true}]}}