{"id":9551,"date":"2019-03-26T11:49:31","date_gmt":"2019-03-26T10:49:31","guid":{"rendered":"https:\/\/dga.de\/produkt\/nila-plast-pro-2-0-3-0-typ-i\/"},"modified":"2026-02-13T08:48:18","modified_gmt":"2026-02-13T07:48:18","slug":"nila-plast-pro-2-0-3-0-typ-i","status":"publish","type":"product","link":"https:\/\/dga.de\/fr\/produkt\/nila-plast-pro-2-0-3-0-typ-i\/","title":{"rendered":"NILA\u00ae- Plast PRO 2.0-3.0 (Typ I)"},"content":{"rendered":"<p>NILA\u00ae- Plast PRO 2.0-3.0 (type I) est un produit de marquage par incrustation et par pose pour la cr\u00e9ation de marquages de type I pour les routes de classe P7. Ce produit de marquage convient \u00e0 tous les types de zones de circulation en enrob\u00e9 telles que les routes, les autoroutes, les terrains de sport, les a\u00e9rodromes et les parkings, dont le marquage est soumis \u00e0 des exigences \u00e9lev\u00e9es.<br \/>\nNILA\u00ae- Plast PRO 2.0-3.0 (type I) est appliqu\u00e9 sur des couches de surface \u00e0 des temp\u00e9ratures de 180 \u00e0 210 degr\u00e9s Celsius avec une \u00e9paisseur de couche de 3 mm, \u00e0 l&rsquo;aide d&rsquo;un sabot de marquage ou d&rsquo;une machine de pose automotrice, ou par pose avec une \u00e9paisseur de couche de 3\/5 ou 6\/8 mm \u00e0 l&rsquo;aide d&rsquo;un sabot de marquage.<\/p>\n","protected":false},"excerpt":{"rendered":"<p>Masse plastique chaude applicable par incrustation et par pose, pour les marquages de type I, classe de trafic P7<\/p>\n[fusion_global id=\"12385\"]\n","protected":false},"featured_media":9552,"comment_status":"closed","ping_status":"closed","template":"","meta":[],"product_brand":[],"product_cat":[945,979],"product_tag":[],"class_list":{"0":"post-9551","1":"product","2":"type-product","3":"status-publish","4":"has-post-thumbnail","6":"product_cat-strassenbau-fr","7":"product_cat-markierungen-fr","9":"first","10":"instock","11":"product-type-simple"},"_links":{"self":[{"href":"https:\/\/dga.de\/fr\/wp-json\/wp\/v2\/product\/9551","targetHints":{"allow":["GET"]}}],"collection":[{"href":"https:\/\/dga.de\/fr\/wp-json\/wp\/v2\/product"}],"about":[{"href":"https:\/\/dga.de\/fr\/wp-json\/wp\/v2\/types\/product"}],"replies":[{"embeddable":true,"href":"https:\/\/dga.de\/fr\/wp-json\/wp\/v2\/comments?post=9551"}],"wp:featuredmedia":[{"embeddable":true,"href":"https:\/\/dga.de\/fr\/wp-json\/wp\/v2\/media\/9552"}],"wp:attachment":[{"href":"https:\/\/dga.de\/fr\/wp-json\/wp\/v2\/media?parent=9551"}],"wp:term":[{"taxonomy":"product_brand","embeddable":true,"href":"https:\/\/dga.de\/fr\/wp-json\/wp\/v2\/product_brand?post=9551"},{"taxonomy":"product_cat","embeddable":true,"href":"https:\/\/dga.de\/fr\/wp-json\/wp\/v2\/product_cat?post=9551"},{"taxonomy":"product_tag","embeddable":true,"href":"https:\/\/dga.de\/fr\/wp-json\/wp\/v2\/product_tag?post=9551"}],"curies":[{"name":"wp","href":"https:\/\/api.w.org\/{rel}","templated":true}]}}