{"id":9555,"date":"2019-03-26T11:49:31","date_gmt":"2019-03-26T10:49:31","guid":{"rendered":"https:\/\/dga.de\/produkt\/nila-spray-spk-2-0-1-5-typ-ii\/"},"modified":"2021-12-09T11:27:33","modified_gmt":"2021-12-09T10:27:33","slug":"nila-spray-spk-2-0-1-5-typ-ii","status":"publish","type":"product","link":"https:\/\/dga.de\/fr\/produkt\/nila-spray-spk-2-0-1-5-typ-ii\/","title":{"rendered":"NILA\u00ae- Spray SpK 2.0-1.5 (type II)"},"content":{"rendered":"<p>NILA\u00ae- Spray SpK 2.0-1.5 (type II) est un produit de marquage pulv\u00e9risable et applicable par pose pour le marquage et la r\u00e9alisation de marquages de type II pour les routes de classe P6. Ce produit de marquage convient \u00e0 tous les types de zones de circulation en enrob\u00e9 telles que les routes, les autoroutes, les terrains de sport, les a\u00e9rodromes et les parkings avec une meilleure visibilit\u00e9 nocturne en conditions humides.<br \/>\nNILA\u00ae- Spray SpK 2.0-1.5 (type II) est appliqu\u00e9 sur des couches de surface \u00e0 des temp\u00e9ratures de 200 \u00e0 220 degr\u00e9s Celsius avec une \u00e9paisseur de couche de 1,5 mm, \u00e0 l&rsquo;aide d&rsquo;une machine de pose automotrice avec pulv\u00e9riseur, d&rsquo;une extrudeuse ou d&rsquo;un sabot de marquage.<\/p>\n","protected":false},"excerpt":{"rendered":"<p>Masse plastique chaude pulv\u00e9risable appliqu\u00e9e par incrustation pour les marquages de type II, classe de trafic P6<\/p>\n[fusion_global id=\"12385\"]\n","protected":false},"featured_media":9554,"comment_status":"closed","ping_status":"closed","template":"","meta":[],"product_brand":[],"product_cat":[945,979],"product_tag":[],"class_list":{"0":"post-9555","1":"product","2":"type-product","3":"status-publish","4":"has-post-thumbnail","6":"product_cat-strassenbau-fr","7":"product_cat-markierungen-fr","9":"first","10":"instock","11":"product-type-simple"},"_links":{"self":[{"href":"https:\/\/dga.de\/fr\/wp-json\/wp\/v2\/product\/9555","targetHints":{"allow":["GET"]}}],"collection":[{"href":"https:\/\/dga.de\/fr\/wp-json\/wp\/v2\/product"}],"about":[{"href":"https:\/\/dga.de\/fr\/wp-json\/wp\/v2\/types\/product"}],"replies":[{"embeddable":true,"href":"https:\/\/dga.de\/fr\/wp-json\/wp\/v2\/comments?post=9555"}],"wp:featuredmedia":[{"embeddable":true,"href":"https:\/\/dga.de\/fr\/wp-json\/wp\/v2\/media\/9554"}],"wp:attachment":[{"href":"https:\/\/dga.de\/fr\/wp-json\/wp\/v2\/media?parent=9555"}],"wp:term":[{"taxonomy":"product_brand","embeddable":true,"href":"https:\/\/dga.de\/fr\/wp-json\/wp\/v2\/product_brand?post=9555"},{"taxonomy":"product_cat","embeddable":true,"href":"https:\/\/dga.de\/fr\/wp-json\/wp\/v2\/product_cat?post=9555"},{"taxonomy":"product_tag","embeddable":true,"href":"https:\/\/dga.de\/fr\/wp-json\/wp\/v2\/product_tag?post=9555"}],"curies":[{"name":"wp","href":"https:\/\/api.w.org\/{rel}","templated":true}]}}