{"id":9556,"date":"2019-03-26T11:49:31","date_gmt":"2019-03-26T10:49:31","guid":{"rendered":"https:\/\/dga.de\/produkt\/nila-field\/"},"modified":"2024-02-01T09:43:51","modified_gmt":"2024-02-01T08:43:51","slug":"nila-field","status":"publish","type":"product","link":"https:\/\/dga.de\/fr\/produkt\/nila-field\/","title":{"rendered":"NILA\u00ae- Field"},"content":{"rendered":"<p>Nous avons d\u00e9velopp\u00e9 la masse thermoplastique NILA\u00ae- Field sp\u00e9cialement pour la r\u00e9alisation de surfaces en enrob\u00e9 color\u00e9es. Elle est particuli\u00e8rement adapt\u00e9e au marquage color\u00e9 des gu\u00e9s et des pistes cyclables sur les zones de circulation en enrob\u00e9 \u00e0 trafic dense. NILA\u00ae- Field est disponible dans les coloris rouge, rouge tomate, vert signalisation et bleu.<br \/>\nNILA\u00ae- Field est appliqu\u00e9 sur des couches de surface \u00e0 des temp\u00e9ratures de 170 \u00e0 190 degr\u00e9s Celsius avec une \u00e9paisseur de couche de 3 mm, \u00e0 l&rsquo;aide de sabots de tra\u00e7age ou de marquage.<\/p>\n","protected":false},"excerpt":{"rendered":"<p>Masse plastique chaude pour bandes cyclables dans les coloris rouge, rouge tomate, vert signalisation et bleu<\/p>\n[fusion_global id=\"12385\"]\n","protected":false},"featured_media":9497,"comment_status":"closed","ping_status":"closed","template":"","meta":[],"product_brand":[],"product_cat":[945,979],"product_tag":[],"class_list":{"0":"post-9556","1":"product","2":"type-product","3":"status-publish","4":"has-post-thumbnail","6":"product_cat-strassenbau-fr","7":"product_cat-markierungen-fr","9":"first","10":"instock","11":"product-type-simple"},"_links":{"self":[{"href":"https:\/\/dga.de\/fr\/wp-json\/wp\/v2\/product\/9556","targetHints":{"allow":["GET"]}}],"collection":[{"href":"https:\/\/dga.de\/fr\/wp-json\/wp\/v2\/product"}],"about":[{"href":"https:\/\/dga.de\/fr\/wp-json\/wp\/v2\/types\/product"}],"replies":[{"embeddable":true,"href":"https:\/\/dga.de\/fr\/wp-json\/wp\/v2\/comments?post=9556"}],"wp:featuredmedia":[{"embeddable":true,"href":"https:\/\/dga.de\/fr\/wp-json\/wp\/v2\/media\/9497"}],"wp:attachment":[{"href":"https:\/\/dga.de\/fr\/wp-json\/wp\/v2\/media?parent=9556"}],"wp:term":[{"taxonomy":"product_brand","embeddable":true,"href":"https:\/\/dga.de\/fr\/wp-json\/wp\/v2\/product_brand?post=9556"},{"taxonomy":"product_cat","embeddable":true,"href":"https:\/\/dga.de\/fr\/wp-json\/wp\/v2\/product_cat?post=9556"},{"taxonomy":"product_tag","embeddable":true,"href":"https:\/\/dga.de\/fr\/wp-json\/wp\/v2\/product_tag?post=9556"}],"curies":[{"name":"wp","href":"https:\/\/api.w.org\/{rel}","templated":true}]}}