{"id":9557,"date":"2019-03-26T11:49:31","date_gmt":"2019-03-26T10:49:31","guid":{"rendered":"https:\/\/dga.de\/produkt\/biguma-tac\/"},"modified":"2024-02-01T10:02:57","modified_gmt":"2024-02-01T09:02:57","slug":"biguma-tac","status":"publish","type":"product","link":"https:\/\/dga.de\/fr\/produkt\/biguma-tac\/","title":{"rendered":"BIGUMA\u00ae- Tac"},"content":{"rendered":"<p>BIGUMA\u00ae- Tac est une masse adh\u00e9sive applicable \u00e0 chaud, sp\u00e9cialement modifi\u00e9e pour le collage des clous de marquage. Elle se caract\u00e9rise par les clous de marquage au pouvoir adh\u00e9sif \u00e9lev\u00e9 et faciles \u00e0 retirer presque sans r\u00e9sidus, et peut \u00eatre utilis\u00e9e toute l&rsquo;ann\u00e9e.<\/p>\n","protected":false},"excerpt":{"rendered":"<p>Masse adh\u00e9sive bitumeuse pour les clous de marquage<\/p>\n[fusion_global id=\"12385\"]\n","protected":false},"featured_media":9558,"comment_status":"closed","ping_status":"closed","template":"","meta":[],"product_brand":[],"product_cat":[945,979],"product_tag":[],"class_list":{"0":"post-9557","1":"product","2":"type-product","3":"status-publish","4":"has-post-thumbnail","6":"product_cat-strassenbau-fr","7":"product_cat-markierungen-fr","9":"first","10":"instock","11":"product-type-simple"},"_links":{"self":[{"href":"https:\/\/dga.de\/fr\/wp-json\/wp\/v2\/product\/9557","targetHints":{"allow":["GET"]}}],"collection":[{"href":"https:\/\/dga.de\/fr\/wp-json\/wp\/v2\/product"}],"about":[{"href":"https:\/\/dga.de\/fr\/wp-json\/wp\/v2\/types\/product"}],"replies":[{"embeddable":true,"href":"https:\/\/dga.de\/fr\/wp-json\/wp\/v2\/comments?post=9557"}],"wp:featuredmedia":[{"embeddable":true,"href":"https:\/\/dga.de\/fr\/wp-json\/wp\/v2\/media\/9558"}],"wp:attachment":[{"href":"https:\/\/dga.de\/fr\/wp-json\/wp\/v2\/media?parent=9557"}],"wp:term":[{"taxonomy":"product_brand","embeddable":true,"href":"https:\/\/dga.de\/fr\/wp-json\/wp\/v2\/product_brand?post=9557"},{"taxonomy":"product_cat","embeddable":true,"href":"https:\/\/dga.de\/fr\/wp-json\/wp\/v2\/product_cat?post=9557"},{"taxonomy":"product_tag","embeddable":true,"href":"https:\/\/dga.de\/fr\/wp-json\/wp\/v2\/product_tag?post=9557"}],"curies":[{"name":"wp","href":"https:\/\/api.w.org\/{rel}","templated":true}]}}