{"id":9559,"date":"2019-03-26T11:49:31","date_gmt":"2019-03-26T10:49:31","guid":{"rendered":"https:\/\/dga.de\/produkt\/biguma-vpd\/"},"modified":"2023-10-27T07:09:03","modified_gmt":"2023-10-27T05:09:03","slug":"biguma-vpd","status":"publish","type":"product","link":"https:\/\/dga.de\/fr\/produkt\/biguma-vpd\/","title":{"rendered":"BIGUMA\u00ae- VPD"},"content":{"rendered":"<p>Nous avons d\u00e9velopp\u00e9 BIGUMA\u00ae- VPD pour les exigences sp\u00e9ciales des installations de stockage, de remplissage et de manipulation de substances polluantes pour l&rsquo;eau (syst\u00e8mes LAU). En outre, BIGUMA\u00ae- VPD peut \u00eatre utilis\u00e9e pour les surfaces en enrob\u00e9 dans les installations de stockage et de remplissage des syst\u00e8mes au biogaz et des syst\u00e8mes JGS. La masse de scellement se caract\u00e9rise par sa r\u00e9sistance chimique \u00e9lev\u00e9e aux solutions aqueuses, aux sels, aux acides dilu\u00e9s et autres substances polluantes pour l&rsquo;eau, ainsi que par sa tr\u00e8s bonne adh\u00e9rence.<br \/>\nEn outre, la masse de scellement BIGUMA\u00ae- VPD convient au remplissage des joints des zones de circulation en b\u00e9ton et en asphalte enrob\u00e9 et coul\u00e9, ainsi que des rev\u00eatements semi-rigides, dans des zones sans contraintes particuli\u00e8res chimiques ou biologiques.<\/p>\n<p>Homologations : DIBt Z.74.6-93, DIBt Z.74.62-158, AwSV, TL Fug-StB, DIN EN 14188-1, type N 2, ZTV Beton-StB, ZTV BEA-StB<\/p>\n","protected":false},"excerpt":{"rendered":"<p>Masse de scellement bitumeuse modifi\u00e9e par des polym\u00e8res pour les syst\u00e8mes LAU<\/p>\n[fusion_global id=\"12385\"]\n","protected":false},"featured_media":9560,"comment_status":"closed","ping_status":"closed","template":"","meta":[],"product_brand":[],"product_cat":[945,981,980],"product_tag":[],"class_list":{"0":"post-9559","1":"product","2":"type-product","3":"status-publish","4":"has-post-thumbnail","6":"product_cat-strassenbau-fr","7":"product_cat-fugenmassen-lau-jgs-und-landwirtschaftliche-anlagen-fr","8":"product_cat-lau-jgs-und-landwirtschaftliche-anlagen-fr","10":"first","11":"instock","12":"product-type-simple"},"_links":{"self":[{"href":"https:\/\/dga.de\/fr\/wp-json\/wp\/v2\/product\/9559","targetHints":{"allow":["GET"]}}],"collection":[{"href":"https:\/\/dga.de\/fr\/wp-json\/wp\/v2\/product"}],"about":[{"href":"https:\/\/dga.de\/fr\/wp-json\/wp\/v2\/types\/product"}],"replies":[{"embeddable":true,"href":"https:\/\/dga.de\/fr\/wp-json\/wp\/v2\/comments?post=9559"}],"wp:featuredmedia":[{"embeddable":true,"href":"https:\/\/dga.de\/fr\/wp-json\/wp\/v2\/media\/9560"}],"wp:attachment":[{"href":"https:\/\/dga.de\/fr\/wp-json\/wp\/v2\/media?parent=9559"}],"wp:term":[{"taxonomy":"product_brand","embeddable":true,"href":"https:\/\/dga.de\/fr\/wp-json\/wp\/v2\/product_brand?post=9559"},{"taxonomy":"product_cat","embeddable":true,"href":"https:\/\/dga.de\/fr\/wp-json\/wp\/v2\/product_cat?post=9559"},{"taxonomy":"product_tag","embeddable":true,"href":"https:\/\/dga.de\/fr\/wp-json\/wp\/v2\/product_tag?post=9559"}],"curies":[{"name":"wp","href":"https:\/\/api.w.org\/{rel}","templated":true}]}}