{"id":9561,"date":"2019-03-26T11:49:31","date_gmt":"2019-03-26T10:49:31","guid":{"rendered":"https:\/\/dga.de\/produkt\/biguma-fertigschlaemme-sf\/"},"modified":"2022-05-12T09:22:26","modified_gmt":"2022-05-12T07:22:26","slug":"biguma-fertigschlaemme-sf","status":"publish","type":"product","link":"https:\/\/dga.de\/fr\/produkt\/biguma-fertigschlaemme-sf\/","title":{"rendered":"BIGUMA\u00ae-Fertigschl\u00e4mme SF"},"content":{"rendered":"<p>En raison de sa tr\u00e8s bonne r\u00e9sistance aux alcalis, aux acides et aux liquides agressifs, BIGUMA\u00ae- Fertigschl\u00e4mme SF convient parfaitement au scellement des couches d&rsquo;enrob\u00e9 dans les syst\u00e8mes LAU et augmente ainsi consid\u00e9rablement leur dur\u00e9e de vie. BIGUMA\u00ae- Fertigschl\u00e4mme SF permet en plus d&rsquo;\u00e9viter la d\u00e9g\u00e9n\u00e9ration des couches de surface affaiblies et endommag\u00e9es superficiellement. Les couches en enrob\u00e9 trop poreuses peuvent \u00eatre referm\u00e9es avec BIGUMA\u00ae- Fertigschl\u00e4mme SF.<\/p>\n","protected":false},"excerpt":{"rendered":"<p>Boue sp\u00e9ciale \u00e0 base d&rsquo;une \u00e9mulsion de bitume modifi\u00e9e par des polym\u00e8res<\/p>\n[fusion_global id=\"12385\"]\n","protected":false},"featured_media":9562,"comment_status":"closed","ping_status":"closed","template":"","meta":[],"product_brand":[],"product_cat":[945,982,980],"product_tag":[],"class_list":{"0":"post-9561","1":"product","2":"type-product","3":"status-publish","4":"has-post-thumbnail","6":"product_cat-strassenbau-fr","7":"product_cat-versiegelungsmassen-fr","8":"product_cat-lau-jgs-und-landwirtschaftliche-anlagen-fr","10":"first","11":"instock","12":"product-type-simple"},"_links":{"self":[{"href":"https:\/\/dga.de\/fr\/wp-json\/wp\/v2\/product\/9561","targetHints":{"allow":["GET"]}}],"collection":[{"href":"https:\/\/dga.de\/fr\/wp-json\/wp\/v2\/product"}],"about":[{"href":"https:\/\/dga.de\/fr\/wp-json\/wp\/v2\/types\/product"}],"replies":[{"embeddable":true,"href":"https:\/\/dga.de\/fr\/wp-json\/wp\/v2\/comments?post=9561"}],"wp:featuredmedia":[{"embeddable":true,"href":"https:\/\/dga.de\/fr\/wp-json\/wp\/v2\/media\/9562"}],"wp:attachment":[{"href":"https:\/\/dga.de\/fr\/wp-json\/wp\/v2\/media?parent=9561"}],"wp:term":[{"taxonomy":"product_brand","embeddable":true,"href":"https:\/\/dga.de\/fr\/wp-json\/wp\/v2\/product_brand?post=9561"},{"taxonomy":"product_cat","embeddable":true,"href":"https:\/\/dga.de\/fr\/wp-json\/wp\/v2\/product_cat?post=9561"},{"taxonomy":"product_tag","embeddable":true,"href":"https:\/\/dga.de\/fr\/wp-json\/wp\/v2\/product_tag?post=9561"}],"curies":[{"name":"wp","href":"https:\/\/api.w.org\/{rel}","templated":true}]}}