{"id":9563,"date":"2019-03-26T11:49:31","date_gmt":"2019-03-26T10:49:31","guid":{"rendered":"https:\/\/dga.de\/produkt\/biguma-emulsion-hk-s\/"},"modified":"2026-02-24T07:55:47","modified_gmt":"2026-02-24T06:55:47","slug":"biguma-emulsion-hk-s","status":"publish","type":"product","link":"https:\/\/dga.de\/fr\/produkt\/biguma-emulsion-hk-s\/","title":{"rendered":"BIGUMA\u00ae- Emulsion HK-S"},"content":{"rendered":"<p>BIGUMA\u00ae- Emulsion HK-S est utilis\u00e9e pour pulv\u00e9riser le support afin de cr\u00e9er une liaison par frottement entre les couches d&rsquo;enrob\u00e9 selon ZTV Asphalt-StB 07 pour les classes de construction IV \u00e0 VI. BIGUMA\u00ae- Emulsion HK-S est certifi\u00e9e comme \u00e9mulsion de bitume cationique C40B5-S selon le cadre national TL BE-StB 15 et la norme europ\u00e9enne harmonis\u00e9e DIN EN 13808.<\/p>\n","protected":false},"excerpt":{"rendered":"<p>\u00c9mulsion pour composite<\/p>\n[fusion_global id=\"12385\"]\n","protected":false},"featured_media":19038,"comment_status":"closed","ping_status":"closed","template":"","meta":[],"product_brand":[],"product_cat":[983,957],"product_tag":[],"class_list":{"0":"post-9563","1":"product","2":"type-product","3":"status-publish","4":"has-post-thumbnail","6":"product_cat-schichtenverbund-fr","7":"product_cat-emulsion-fr","9":"first","10":"instock","11":"product-type-simple"},"_links":{"self":[{"href":"https:\/\/dga.de\/fr\/wp-json\/wp\/v2\/product\/9563","targetHints":{"allow":["GET"]}}],"collection":[{"href":"https:\/\/dga.de\/fr\/wp-json\/wp\/v2\/product"}],"about":[{"href":"https:\/\/dga.de\/fr\/wp-json\/wp\/v2\/types\/product"}],"replies":[{"embeddable":true,"href":"https:\/\/dga.de\/fr\/wp-json\/wp\/v2\/comments?post=9563"}],"wp:featuredmedia":[{"embeddable":true,"href":"https:\/\/dga.de\/fr\/wp-json\/wp\/v2\/media\/19038"}],"wp:attachment":[{"href":"https:\/\/dga.de\/fr\/wp-json\/wp\/v2\/media?parent=9563"}],"wp:term":[{"taxonomy":"product_brand","embeddable":true,"href":"https:\/\/dga.de\/fr\/wp-json\/wp\/v2\/product_brand?post=9563"},{"taxonomy":"product_cat","embeddable":true,"href":"https:\/\/dga.de\/fr\/wp-json\/wp\/v2\/product_cat?post=9563"},{"taxonomy":"product_tag","embeddable":true,"href":"https:\/\/dga.de\/fr\/wp-json\/wp\/v2\/product_tag?post=9563"}],"curies":[{"name":"wp","href":"https:\/\/api.w.org\/{rel}","templated":true}]}}