{"id":9565,"date":"2019-03-26T11:49:31","date_gmt":"2019-03-26T10:49:31","guid":{"rendered":"https:\/\/dga.de\/produkt\/biguma-emulsion-pmb-60-s\/"},"modified":"2023-07-27T14:11:59","modified_gmt":"2023-07-27T12:11:59","slug":"biguma-emulsion-pmb-60-s","status":"publish","type":"product","link":"https:\/\/dga.de\/fr\/produkt\/biguma-emulsion-pmb-60-s\/","title":{"rendered":"BIGUMA\u00ae- Emulsion PMB 60-S"},"content":{"rendered":"<p>BIGUMA\u00ae- Emulsion PMB 60-S est une \u00e9mulsion de bitume polym\u00e8re de type C60BP4-S pour cr\u00e9er des liaisons de couches selon TL BE-StB 15. Cette \u00e9mulsion est utilis\u00e9e selon ZTV Asphalt-StB 07 pour les classes de construction SV et I \u00e0 III.<br \/>\nBIGUMA\u00ae- Emulsion PMB 60-S est certifi\u00e9e comme \u00e9mulsion de bitume cationique C60BP4-S selon le cadre national TL BE-StB 15 et la norme europ\u00e9enne harmonis\u00e9e DIN EN 13808.<\/p>\n","protected":false},"excerpt":{"rendered":"<p>\u00c9mulsion pour composite<\/p>\n[fusion_global id=\"12385\"]\n","protected":false},"featured_media":18972,"comment_status":"closed","ping_status":"closed","template":"","meta":[],"product_brand":[],"product_cat":[983,957],"product_tag":[],"class_list":{"0":"post-9565","1":"product","2":"type-product","3":"status-publish","4":"has-post-thumbnail","6":"product_cat-schichtenverbund-fr","7":"product_cat-emulsion-fr","9":"first","10":"instock","11":"product-type-simple"},"_links":{"self":[{"href":"https:\/\/dga.de\/fr\/wp-json\/wp\/v2\/product\/9565","targetHints":{"allow":["GET"]}}],"collection":[{"href":"https:\/\/dga.de\/fr\/wp-json\/wp\/v2\/product"}],"about":[{"href":"https:\/\/dga.de\/fr\/wp-json\/wp\/v2\/types\/product"}],"replies":[{"embeddable":true,"href":"https:\/\/dga.de\/fr\/wp-json\/wp\/v2\/comments?post=9565"}],"wp:featuredmedia":[{"embeddable":true,"href":"https:\/\/dga.de\/fr\/wp-json\/wp\/v2\/media\/18972"}],"wp:attachment":[{"href":"https:\/\/dga.de\/fr\/wp-json\/wp\/v2\/media?parent=9565"}],"wp:term":[{"taxonomy":"product_brand","embeddable":true,"href":"https:\/\/dga.de\/fr\/wp-json\/wp\/v2\/product_brand?post=9565"},{"taxonomy":"product_cat","embeddable":true,"href":"https:\/\/dga.de\/fr\/wp-json\/wp\/v2\/product_cat?post=9565"},{"taxonomy":"product_tag","embeddable":true,"href":"https:\/\/dga.de\/fr\/wp-json\/wp\/v2\/product_tag?post=9565"}],"curies":[{"name":"wp","href":"https:\/\/api.w.org\/{rel}","templated":true}]}}