{"id":9567,"date":"2019-03-26T11:49:31","date_gmt":"2019-03-26T10:49:31","guid":{"rendered":"https:\/\/dga.de\/produkt\/biguma-emulsion-be60\/"},"modified":"2026-02-24T07:39:01","modified_gmt":"2026-02-24T06:39:01","slug":"biguma-emulsion-be60","status":"publish","type":"product","link":"https:\/\/dga.de\/fr\/produkt\/biguma-emulsion-be60\/","title":{"rendered":"BIGUMA\u00ae- Emulsion BE60"},"content":{"rendered":"<p>BIGUMA\u00ae- Emulsion BE60 est une \u00e9mulsion de bitume pour cr\u00e9er des liaisons de couches selon TL BE-StB 15. Cette \u00e9mulsion est \u00e9galement adapt\u00e9e pour pulv\u00e9riser le support dans des m\u00e9thodes de construction sp\u00e9ciales afin de cr\u00e9er une liaison par frottement entre les couches d&rsquo;enrob\u00e9.<br \/>\nBIGUMA\u00ae- Emulsion BE60 est certifi\u00e9e comme \u00e9mulsion de bitume cationique C60B4-S selon le cadre national TL BE-StB 15 et la norme europ\u00e9enne harmonis\u00e9e DIN EN 13808.<\/p>\n","protected":false},"excerpt":{"rendered":"<p>\u00c9mulsion pour composite<\/p>\n[fusion_global id=\"12385\"]\n","protected":false},"featured_media":19014,"comment_status":"closed","ping_status":"closed","template":"","meta":[],"product_brand":[],"product_cat":[983,957],"product_tag":[],"class_list":{"0":"post-9567","1":"product","2":"type-product","3":"status-publish","4":"has-post-thumbnail","6":"product_cat-schichtenverbund-fr","7":"product_cat-emulsion-fr","9":"first","10":"instock","11":"product-type-simple"},"_links":{"self":[{"href":"https:\/\/dga.de\/fr\/wp-json\/wp\/v2\/product\/9567","targetHints":{"allow":["GET"]}}],"collection":[{"href":"https:\/\/dga.de\/fr\/wp-json\/wp\/v2\/product"}],"about":[{"href":"https:\/\/dga.de\/fr\/wp-json\/wp\/v2\/types\/product"}],"replies":[{"embeddable":true,"href":"https:\/\/dga.de\/fr\/wp-json\/wp\/v2\/comments?post=9567"}],"wp:featuredmedia":[{"embeddable":true,"href":"https:\/\/dga.de\/fr\/wp-json\/wp\/v2\/media\/19014"}],"wp:attachment":[{"href":"https:\/\/dga.de\/fr\/wp-json\/wp\/v2\/media?parent=9567"}],"wp:term":[{"taxonomy":"product_brand","embeddable":true,"href":"https:\/\/dga.de\/fr\/wp-json\/wp\/v2\/product_brand?post=9567"},{"taxonomy":"product_cat","embeddable":true,"href":"https:\/\/dga.de\/fr\/wp-json\/wp\/v2\/product_cat?post=9567"},{"taxonomy":"product_tag","embeddable":true,"href":"https:\/\/dga.de\/fr\/wp-json\/wp\/v2\/product_tag?post=9567"}],"curies":[{"name":"wp","href":"https:\/\/api.w.org\/{rel}","templated":true}]}}