{"id":9569,"date":"2019-03-26T11:49:31","date_gmt":"2019-03-26T10:49:31","guid":{"rendered":"https:\/\/dga.de\/produkt\/biguma-emulsion-pmb67-dsh-v\/"},"modified":"2024-02-01T10:55:25","modified_gmt":"2024-02-01T09:55:25","slug":"biguma-emulsion-pmb67-dsh-v","status":"publish","type":"product","link":"https:\/\/dga.de\/fr\/produkt\/biguma-emulsion-pmb67-dsh-v\/","title":{"rendered":"BIGUMA\u00ae- Emulsion PMB67-DSH-V"},"content":{"rendered":"<p>BIGUMA\u00ae- Emulsion PMB67-DSH-V est une \u00e9mulsion de bitume modifi\u00e9e par des polym\u00e8res pour la r\u00e9alisation de scellements sous des couches d&rsquo;enrob\u00e9 fines dans la construction \u00e0 chaud. BIGUMA\u00ae- Emulsion PMB67-DSH-V est particuli\u00e8rement adapt\u00e9e aux travaux de grenaillage gr\u00e2ce \u00e0 sa facilit\u00e9 de pulv\u00e9risation.<br \/>\nBIGUMA\u00ae- Emulsion PMB67-DSH-V est certifi\u00e9e comme \u00e9mulsion de bitume cationique C67BP4-DSH-V selon le cadre national TL BE-StB 15 et la norme europ\u00e9enne harmonis\u00e9e DIN EN 13808.<\/p>\n","protected":false},"excerpt":{"rendered":"<p>\u00c9mulsion bitumeuse pour la fabrication de scellements<br \/>\nType : C67BP4-DSH-V<\/p>\n[fusion_global id=\"12385\"]\n","protected":false},"featured_media":15967,"comment_status":"closed","ping_status":"closed","template":"","meta":[],"product_brand":[],"product_cat":[959,957],"product_tag":[],"class_list":{"0":"post-9569","1":"product","2":"type-product","3":"status-publish","4":"has-post-thumbnail","6":"product_cat-asphaltdeckschichten-fr","7":"product_cat-emulsion-fr","9":"first","10":"instock","11":"product-type-simple"},"_links":{"self":[{"href":"https:\/\/dga.de\/fr\/wp-json\/wp\/v2\/product\/9569","targetHints":{"allow":["GET"]}}],"collection":[{"href":"https:\/\/dga.de\/fr\/wp-json\/wp\/v2\/product"}],"about":[{"href":"https:\/\/dga.de\/fr\/wp-json\/wp\/v2\/types\/product"}],"replies":[{"embeddable":true,"href":"https:\/\/dga.de\/fr\/wp-json\/wp\/v2\/comments?post=9569"}],"wp:featuredmedia":[{"embeddable":true,"href":"https:\/\/dga.de\/fr\/wp-json\/wp\/v2\/media\/15967"}],"wp:attachment":[{"href":"https:\/\/dga.de\/fr\/wp-json\/wp\/v2\/media?parent=9569"}],"wp:term":[{"taxonomy":"product_brand","embeddable":true,"href":"https:\/\/dga.de\/fr\/wp-json\/wp\/v2\/product_brand?post=9569"},{"taxonomy":"product_cat","embeddable":true,"href":"https:\/\/dga.de\/fr\/wp-json\/wp\/v2\/product_cat?post=9569"},{"taxonomy":"product_tag","embeddable":true,"href":"https:\/\/dga.de\/fr\/wp-json\/wp\/v2\/product_tag?post=9569"}],"curies":[{"name":"wp","href":"https:\/\/api.w.org\/{rel}","templated":true}]}}