{"id":9573,"date":"2019-03-26T11:49:31","date_gmt":"2019-03-26T10:49:31","guid":{"rendered":"https:\/\/dga.de\/produkt\/biguma-emulsion-be70\/"},"modified":"2023-07-28T12:05:55","modified_gmt":"2023-07-28T10:05:55","slug":"biguma-emulsion-be70","status":"publish","type":"product","link":"https:\/\/dga.de\/fr\/produkt\/biguma-emulsion-be70\/","title":{"rendered":"BIGUMA\u00ae- Emulsion BE70"},"content":{"rendered":"<p>BIGUMA\u00ae- Emulsion BE70 est utilis\u00e9e pour le proc\u00e9d\u00e9 de r\u00e9paration \u00ab entretien des chauss\u00e9es \u00bb selon ZTV BEA-StB 09\/13. Cette \u00e9mulsion de bitume peut \u00eatre facilement appliqu\u00e9e par une machine ou \u00e0 la main. Ses propri\u00e9t\u00e9s d&rsquo;\u00e9coulement optimis\u00e9es permettent de l&rsquo;utiliser sur terrain plat et sur des pentes douces.<br \/>\nBIGUMA\u00ae- Emulsion BE70 est certifi\u00e9e comme \u00e9mulsion de bitume cationique C60B4-REP selon le cadre national TL BE-StB 15 et la norme europ\u00e9enne harmonis\u00e9e DIN EN 13808<\/p>\n","protected":false},"excerpt":{"rendered":"<p>\u00c9mulsion bitumeuse pour le proc\u00e9d\u00e9 d&rsquo;entretien \u00ab entretien de chauss\u00e9e \u00bb<\/p>\n[fusion_global id=\"12385\"]\n","protected":false},"featured_media":18954,"comment_status":"closed","ping_status":"closed","template":"","meta":[],"product_brand":[],"product_cat":[957,958],"product_tag":[],"class_list":{"0":"post-9573","1":"product","2":"type-product","3":"status-publish","4":"has-post-thumbnail","6":"product_cat-emulsion-fr","7":"product_cat-instandhaltung-oberflaechenbehandlung-fr","9":"first","10":"instock","11":"product-type-simple"},"_links":{"self":[{"href":"https:\/\/dga.de\/fr\/wp-json\/wp\/v2\/product\/9573","targetHints":{"allow":["GET"]}}],"collection":[{"href":"https:\/\/dga.de\/fr\/wp-json\/wp\/v2\/product"}],"about":[{"href":"https:\/\/dga.de\/fr\/wp-json\/wp\/v2\/types\/product"}],"replies":[{"embeddable":true,"href":"https:\/\/dga.de\/fr\/wp-json\/wp\/v2\/comments?post=9573"}],"wp:featuredmedia":[{"embeddable":true,"href":"https:\/\/dga.de\/fr\/wp-json\/wp\/v2\/media\/18954"}],"wp:attachment":[{"href":"https:\/\/dga.de\/fr\/wp-json\/wp\/v2\/media?parent=9573"}],"wp:term":[{"taxonomy":"product_brand","embeddable":true,"href":"https:\/\/dga.de\/fr\/wp-json\/wp\/v2\/product_brand?post=9573"},{"taxonomy":"product_cat","embeddable":true,"href":"https:\/\/dga.de\/fr\/wp-json\/wp\/v2\/product_cat?post=9573"},{"taxonomy":"product_tag","embeddable":true,"href":"https:\/\/dga.de\/fr\/wp-json\/wp\/v2\/product_tag?post=9573"}],"curies":[{"name":"wp","href":"https:\/\/api.w.org\/{rel}","templated":true}]}}