{"id":9578,"date":"2019-03-26T11:49:18","date_gmt":"2019-03-26T10:49:18","guid":{"rendered":"https:\/\/dga.de\/produkt\/biguma-plast\/"},"modified":"2022-04-20T08:25:01","modified_gmt":"2022-04-20T06:25:01","slug":"biguma-plast","status":"publish","type":"product","link":"https:\/\/dga.de\/fr\/produkt\/biguma-plast\/","title":{"rendered":"BIGUMA\u00ae- Plast"},"content":{"rendered":"<p>BIGUMA\u00ae- Plast est une masse bitumeuse remplie, renforc\u00e9e par des fibres et modifi\u00e9e par un \u00e9lastom\u00e8re, qui a \u00e9t\u00e9 sp\u00e9cialement d\u00e9velopp\u00e9e pour le collage permanent des joints dans la construction de routes en enrob\u00e9 selon ZTV Asphalt-StB. Cette colle pour joints est flexible dans son utilisation et convient aux constructions de toutes les tailles, car le produit peut \u00eatre appliqu\u00e9 par une machine ou \u00e0 la main.<br \/>\nBIGUMA\u00ae- Plast se caract\u00e9rise par une tr\u00e8s bonne p\u00e9n\u00e9tration et un pouvoir adh\u00e9sif \u00e9lev\u00e9.<\/p>\n<p>Homologation : TL Sbit-StB<\/p>\n","protected":false},"excerpt":{"rendered":"<p>Colle pour joints applicable \u00e0 froid, \u00e0 base de bitume-solvant<\/p>\n[fusion_global id=\"12385\"]\n","protected":false},"featured_media":9579,"comment_status":"closed","ping_status":"closed","template":"","meta":[],"product_brand":[],"product_cat":[984,945,955,954],"product_tag":[],"class_list":{"0":"post-9578","1":"product","2":"type-product","3":"status-publish","4":"has-post-thumbnail","6":"product_cat-nahtkleber-randversiegelung-fr","7":"product_cat-strassenbau-fr","8":"product_cat-asphalt-fr","9":"product_cat-verkehrsflaechen-fr","11":"first","12":"instock","13":"product-type-simple"},"_links":{"self":[{"href":"https:\/\/dga.de\/fr\/wp-json\/wp\/v2\/product\/9578","targetHints":{"allow":["GET"]}}],"collection":[{"href":"https:\/\/dga.de\/fr\/wp-json\/wp\/v2\/product"}],"about":[{"href":"https:\/\/dga.de\/fr\/wp-json\/wp\/v2\/types\/product"}],"replies":[{"embeddable":true,"href":"https:\/\/dga.de\/fr\/wp-json\/wp\/v2\/comments?post=9578"}],"wp:featuredmedia":[{"embeddable":true,"href":"https:\/\/dga.de\/fr\/wp-json\/wp\/v2\/media\/9579"}],"wp:attachment":[{"href":"https:\/\/dga.de\/fr\/wp-json\/wp\/v2\/media?parent=9578"}],"wp:term":[{"taxonomy":"product_brand","embeddable":true,"href":"https:\/\/dga.de\/fr\/wp-json\/wp\/v2\/product_brand?post=9578"},{"taxonomy":"product_cat","embeddable":true,"href":"https:\/\/dga.de\/fr\/wp-json\/wp\/v2\/product_cat?post=9578"},{"taxonomy":"product_tag","embeddable":true,"href":"https:\/\/dga.de\/fr\/wp-json\/wp\/v2\/product_tag?post=9578"}],"curies":[{"name":"wp","href":"https:\/\/api.w.org\/{rel}","templated":true}]}}