{"id":9585,"date":"2019-03-26T11:49:18","date_gmt":"2019-03-26T10:49:18","guid":{"rendered":"https:\/\/dga.de\/produkt\/biguma-ds-30\/"},"modified":"2022-04-20T13:32:45","modified_gmt":"2022-04-20T11:32:45","slug":"biguma-ds-30","status":"publish","type":"product","link":"https:\/\/dga.de\/fr\/produkt\/biguma-ds-30\/","title":{"rendered":"BIGUMA\u00ae- DS 30"},"content":{"rendered":"<p>BIGUMA\u00ae- DS 30 est une masse de r\u00e9novation bitumeuse pour le remplissage de creux frais\u00e9s, de passages, de paliers et d&rsquo;affaissements dans le secteur routier. En outre, elle convient parfaitement \u00e0 la restauration des rev\u00eatements de chauss\u00e9e apr\u00e8s les travaux de d\u00e9marcation, \u00e0 la r\u00e9novation des surfaces bitumeuses rugueuses et inclin\u00e9es, ainsi qu&rsquo;\u00e0 la r\u00e9paration des dommages m\u00e9caniques ou des petites d\u00e9faillances de la couche de surface.<br \/>\nBIGUMA\u00ae- DS 30 est facile \u00e0 couler et \u00e0 \u00e9taler et se caract\u00e9rise par une grande stabilit\u00e9.<\/p>\n","protected":false},"excerpt":{"rendered":"<p>Masse de r\u00e9paration bitumeuse pour des \u00e9paisseurs de construction de 15 \u00e0 30 mm<\/p>\n[fusion_global id=\"12385\"]\n","protected":false},"featured_media":9586,"comment_status":"closed","ping_status":"closed","template":"","meta":[],"product_brand":[],"product_cat":[945,955,985,954],"product_tag":[],"class_list":{"0":"post-9585","1":"product","2":"type-product","3":"status-publish","4":"has-post-thumbnail","6":"product_cat-strassenbau-fr","7":"product_cat-asphalt-fr","8":"product_cat-sanierungs-demarkierungsmassen-fr","9":"product_cat-verkehrsflaechen-fr","11":"first","12":"instock","13":"product-type-simple"},"_links":{"self":[{"href":"https:\/\/dga.de\/fr\/wp-json\/wp\/v2\/product\/9585","targetHints":{"allow":["GET"]}}],"collection":[{"href":"https:\/\/dga.de\/fr\/wp-json\/wp\/v2\/product"}],"about":[{"href":"https:\/\/dga.de\/fr\/wp-json\/wp\/v2\/types\/product"}],"replies":[{"embeddable":true,"href":"https:\/\/dga.de\/fr\/wp-json\/wp\/v2\/comments?post=9585"}],"wp:featuredmedia":[{"embeddable":true,"href":"https:\/\/dga.de\/fr\/wp-json\/wp\/v2\/media\/9586"}],"wp:attachment":[{"href":"https:\/\/dga.de\/fr\/wp-json\/wp\/v2\/media?parent=9585"}],"wp:term":[{"taxonomy":"product_brand","embeddable":true,"href":"https:\/\/dga.de\/fr\/wp-json\/wp\/v2\/product_brand?post=9585"},{"taxonomy":"product_cat","embeddable":true,"href":"https:\/\/dga.de\/fr\/wp-json\/wp\/v2\/product_cat?post=9585"},{"taxonomy":"product_tag","embeddable":true,"href":"https:\/\/dga.de\/fr\/wp-json\/wp\/v2\/product_tag?post=9585"}],"curies":[{"name":"wp","href":"https:\/\/api.w.org\/{rel}","templated":true}]}}