{"id":9588,"date":"2019-03-26T11:49:18","date_gmt":"2019-03-26T10:49:18","guid":{"rendered":"https:\/\/dga.de\/produkt\/biguma-ds-01-e\/"},"modified":"2022-04-20T14:16:03","modified_gmt":"2022-04-20T12:16:03","slug":"biguma-ds-01-e","status":"publish","type":"product","link":"https:\/\/dga.de\/fr\/produkt\/biguma-ds-01-e\/","title":{"rendered":"BIGUMA\u00ae- DS 01 E"},"content":{"rendered":"<p>BIGUMA\u00ae- DS 01 E est une masse d&rsquo;\u00e9galisation modifi\u00e9e par des polym\u00e8res avec des agents adh\u00e9rents sp\u00e9ciaux, destin\u00e9e \u00e0 la pose de feuilles pour la 3 M Stamark\u2122 Bitumen Plus program.<br \/>\nCette masse d&rsquo;\u00e9galisation sp\u00e9ciale se caract\u00e9rise par sa facilit\u00e9 de coulage et d&rsquo;\u00e9talement et sa grande stabilit\u00e9.<\/p>\n","protected":false},"excerpt":{"rendered":"<p>Masse d&rsquo;\u00e9galisation sp\u00e9ciale et bitumeuse pour des \u00e9paisseurs de construction de 1 \u00e0 5 mm<\/p>\n[fusion_global id=\"12385\"]\n","protected":false},"featured_media":9589,"comment_status":"closed","ping_status":"closed","template":"","meta":[],"product_brand":[],"product_cat":[945,955,985,954],"product_tag":[],"class_list":{"0":"post-9588","1":"product","2":"type-product","3":"status-publish","4":"has-post-thumbnail","6":"product_cat-strassenbau-fr","7":"product_cat-asphalt-fr","8":"product_cat-sanierungs-demarkierungsmassen-fr","9":"product_cat-verkehrsflaechen-fr","11":"first","12":"instock","13":"product-type-simple"},"_links":{"self":[{"href":"https:\/\/dga.de\/fr\/wp-json\/wp\/v2\/product\/9588","targetHints":{"allow":["GET"]}}],"collection":[{"href":"https:\/\/dga.de\/fr\/wp-json\/wp\/v2\/product"}],"about":[{"href":"https:\/\/dga.de\/fr\/wp-json\/wp\/v2\/types\/product"}],"replies":[{"embeddable":true,"href":"https:\/\/dga.de\/fr\/wp-json\/wp\/v2\/comments?post=9588"}],"wp:featuredmedia":[{"embeddable":true,"href":"https:\/\/dga.de\/fr\/wp-json\/wp\/v2\/media\/9589"}],"wp:attachment":[{"href":"https:\/\/dga.de\/fr\/wp-json\/wp\/v2\/media?parent=9588"}],"wp:term":[{"taxonomy":"product_brand","embeddable":true,"href":"https:\/\/dga.de\/fr\/wp-json\/wp\/v2\/product_brand?post=9588"},{"taxonomy":"product_cat","embeddable":true,"href":"https:\/\/dga.de\/fr\/wp-json\/wp\/v2\/product_cat?post=9588"},{"taxonomy":"product_tag","embeddable":true,"href":"https:\/\/dga.de\/fr\/wp-json\/wp\/v2\/product_tag?post=9588"}],"curies":[{"name":"wp","href":"https:\/\/api.w.org\/{rel}","templated":true}]}}