{"id":9592,"date":"2019-03-26T11:49:18","date_gmt":"2019-03-26T10:49:18","guid":{"rendered":"https:\/\/dga.de\/produkt\/colzumix-ds\/"},"modified":"2022-05-11T10:14:09","modified_gmt":"2022-05-11T08:14:09","slug":"colzumix-ds","status":"publish","type":"product","link":"https:\/\/dga.de\/fr\/produkt\/colzumix-ds\/","title":{"rendered":"COLZUMIX\u00ae- DS"},"content":{"rendered":"<p>COLZUMIX\u00ae- DS est un primaire bitumeux sp\u00e9cialement con\u00e7u pour les masses de r\u00e9novation BIGUMA\u00ae- DS 01, BIGUMA\u00ae- DS 10, BIGUMA\u00ae- DS 30 et BIGUMA\u00ae- DS 01 E. Il assure le collage facile des masses de r\u00e9novation, notamment sur les supports bruts et exempts de liants.<\/p>\n","protected":false},"excerpt":{"rendered":"<p>Sous-couche bitumeuse \u00e0 solvants<\/p>\n[fusion_global id=\"12385\"]\n","protected":false},"featured_media":9593,"comment_status":"closed","ping_status":"closed","template":"","meta":[],"product_brand":[],"product_cat":[945,955,985,986,954],"product_tag":[],"class_list":{"0":"post-9592","1":"product","2":"type-product","3":"status-publish","4":"has-post-thumbnail","6":"product_cat-strassenbau-fr","7":"product_cat-asphalt-fr","8":"product_cat-sanierungs-demarkierungsmassen-fr","9":"product_cat-systemprodukte-fr","10":"product_cat-verkehrsflaechen-fr","12":"first","13":"instock","14":"product-type-simple"},"_links":{"self":[{"href":"https:\/\/dga.de\/fr\/wp-json\/wp\/v2\/product\/9592","targetHints":{"allow":["GET"]}}],"collection":[{"href":"https:\/\/dga.de\/fr\/wp-json\/wp\/v2\/product"}],"about":[{"href":"https:\/\/dga.de\/fr\/wp-json\/wp\/v2\/types\/product"}],"replies":[{"embeddable":true,"href":"https:\/\/dga.de\/fr\/wp-json\/wp\/v2\/comments?post=9592"}],"wp:featuredmedia":[{"embeddable":true,"href":"https:\/\/dga.de\/fr\/wp-json\/wp\/v2\/media\/9593"}],"wp:attachment":[{"href":"https:\/\/dga.de\/fr\/wp-json\/wp\/v2\/media?parent=9592"}],"wp:term":[{"taxonomy":"product_brand","embeddable":true,"href":"https:\/\/dga.de\/fr\/wp-json\/wp\/v2\/product_brand?post=9592"},{"taxonomy":"product_cat","embeddable":true,"href":"https:\/\/dga.de\/fr\/wp-json\/wp\/v2\/product_cat?post=9592"},{"taxonomy":"product_tag","embeddable":true,"href":"https:\/\/dga.de\/fr\/wp-json\/wp\/v2\/product_tag?post=9592"}],"curies":[{"name":"wp","href":"https:\/\/api.w.org\/{rel}","templated":true}]}}