{"id":9595,"date":"2019-03-26T11:49:18","date_gmt":"2019-03-26T10:49:18","guid":{"rendered":"https:\/\/dga.de\/produkt\/proxan-rm3\/"},"modified":"2024-05-06T14:49:12","modified_gmt":"2024-05-06T12:49:12","slug":"proxan-rm3","status":"publish","type":"product","link":"https:\/\/dga.de\/fr\/produkt\/proxan-rm3\/","title":{"rendered":"PROXAN\u00ae- RM 3"},"content":{"rendered":"<p>PROXAN\u00ae- RM 3 est un mortier de r\u00e9action en r\u00e9sine pigment\u00e9 \u00e0 deux composants \u00e0 base de r\u00e9sine \u00e9poxy et rempli de sables de quartz sp\u00e9ciaux. Utilis\u00e9 avec l&rsquo;agent adh\u00e9rent PROXAN\u00ae- HRM 3, ce mortier de r\u00e9paration est utilis\u00e9 pour la r\u00e9paration du b\u00e9ton. En raison de sa grande r\u00e9sistance chimique, il peut \u00eatre utilis\u00e9 dans les syst\u00e8mes LAU.<\/p>\n<p>Homologation : Homologu\u00e9e par l&rsquo;Institut allemand de la technologie de construction (DIBt) pour les syst\u00e8mes d&rsquo;\u00e9tanch\u00e9it\u00e9 des joints dans les syst\u00e8mes LAU selon Z-74.12-96<\/p>\n","protected":false},"excerpt":{"rendered":"<p>Mortier de r\u00e9action en r\u00e9sine \u00e0 deux composants, \u00e0 base de r\u00e9sine \u00e9poxy<\/p>\n[fusion_global id=\"12385\"]\n","protected":false},"featured_media":14797,"comment_status":"closed","ping_status":"closed","template":"","meta":[],"product_brand":[],"product_cat":[945,987],"product_tag":[],"class_list":{"0":"post-9595","1":"product","2":"type-product","3":"status-publish","4":"has-post-thumbnail","6":"product_cat-strassenbau-fr","7":"product_cat-reparaturmassen-fr","9":"first","10":"instock","11":"product-type-simple"},"_links":{"self":[{"href":"https:\/\/dga.de\/fr\/wp-json\/wp\/v2\/product\/9595","targetHints":{"allow":["GET"]}}],"collection":[{"href":"https:\/\/dga.de\/fr\/wp-json\/wp\/v2\/product"}],"about":[{"href":"https:\/\/dga.de\/fr\/wp-json\/wp\/v2\/types\/product"}],"replies":[{"embeddable":true,"href":"https:\/\/dga.de\/fr\/wp-json\/wp\/v2\/comments?post=9595"}],"wp:featuredmedia":[{"embeddable":true,"href":"https:\/\/dga.de\/fr\/wp-json\/wp\/v2\/media\/14797"}],"wp:attachment":[{"href":"https:\/\/dga.de\/fr\/wp-json\/wp\/v2\/media?parent=9595"}],"wp:term":[{"taxonomy":"product_brand","embeddable":true,"href":"https:\/\/dga.de\/fr\/wp-json\/wp\/v2\/product_brand?post=9595"},{"taxonomy":"product_cat","embeddable":true,"href":"https:\/\/dga.de\/fr\/wp-json\/wp\/v2\/product_cat?post=9595"},{"taxonomy":"product_tag","embeddable":true,"href":"https:\/\/dga.de\/fr\/wp-json\/wp\/v2\/product_tag?post=9595"}],"curies":[{"name":"wp","href":"https:\/\/api.w.org\/{rel}","templated":true}]}}