{"id":9597,"date":"2019-03-26T11:49:18","date_gmt":"2019-03-26T10:49:18","guid":{"rendered":"https:\/\/dga.de\/produkt\/proxan-hrm3\/"},"modified":"2024-05-06T15:32:31","modified_gmt":"2024-05-06T13:32:31","slug":"proxan-hrm3","status":"publish","type":"product","link":"https:\/\/dga.de\/fr\/produkt\/proxan-hrm3\/","title":{"rendered":"PROXAN\u00ae- HRM 3"},"content":{"rendered":"<p>PROXAN\u00ae- HRM 3 est un primaire de r\u00e9sine \u00e9poxy \u00e0 deux composants avec pigment actif anticorrosion (clinker de ciment). Il agit comme un pont d&rsquo;adh\u00e9sion entre le b\u00e9ton et le mortier de r\u00e9paration PROXAN\u00ae- RM 3. En raison de sa grande r\u00e9sistance chimique, il peut \u00eatre utilis\u00e9 dans les syst\u00e8mes LAU.<br \/>\nPROXAN\u00ae- HRM 3 a une excellente adh\u00e9rence sur les surfaces cass\u00e9es ou rugueuses et est insensible \u00e0 l&rsquo;alcalinit\u00e9 des mortiers de ciment frais et des liants rapides. Il peut donc \u00e9galement \u00eatre utilis\u00e9 comme pont d&rsquo;adh\u00e9rence entre le b\u00e9ton de ciment ancien et le b\u00e9ton de ciment frais.<\/p>\n","protected":false},"excerpt":{"rendered":"<p>Agent adh\u00e9rent \u00e0 base de r\u00e9sine \u00e9poxy<\/p>\n[fusion_global id=\"12385\"]\n","protected":false},"featured_media":14852,"comment_status":"closed","ping_status":"closed","template":"","meta":[],"product_brand":[],"product_cat":[945,987,988],"product_tag":[],"class_list":{"0":"post-9597","1":"product","2":"type-product","3":"status-publish","4":"has-post-thumbnail","6":"product_cat-strassenbau-fr","7":"product_cat-reparaturmassen-fr","8":"product_cat-systemprodukte-reparaturmassen-fr","10":"first","11":"instock","12":"product-type-simple"},"_links":{"self":[{"href":"https:\/\/dga.de\/fr\/wp-json\/wp\/v2\/product\/9597","targetHints":{"allow":["GET"]}}],"collection":[{"href":"https:\/\/dga.de\/fr\/wp-json\/wp\/v2\/product"}],"about":[{"href":"https:\/\/dga.de\/fr\/wp-json\/wp\/v2\/types\/product"}],"replies":[{"embeddable":true,"href":"https:\/\/dga.de\/fr\/wp-json\/wp\/v2\/comments?post=9597"}],"wp:featuredmedia":[{"embeddable":true,"href":"https:\/\/dga.de\/fr\/wp-json\/wp\/v2\/media\/14852"}],"wp:attachment":[{"href":"https:\/\/dga.de\/fr\/wp-json\/wp\/v2\/media?parent=9597"}],"wp:term":[{"taxonomy":"product_brand","embeddable":true,"href":"https:\/\/dga.de\/fr\/wp-json\/wp\/v2\/product_brand?post=9597"},{"taxonomy":"product_cat","embeddable":true,"href":"https:\/\/dga.de\/fr\/wp-json\/wp\/v2\/product_cat?post=9597"},{"taxonomy":"product_tag","embeddable":true,"href":"https:\/\/dga.de\/fr\/wp-json\/wp\/v2\/product_tag?post=9597"}],"curies":[{"name":"wp","href":"https:\/\/api.w.org\/{rel}","templated":true}]}}