{"id":9598,"date":"2019-03-26T11:49:18","date_gmt":"2019-03-26T10:49:18","guid":{"rendered":"https:\/\/dga.de\/produkt\/biguma-fertigschlaemme-e\/"},"modified":"2025-07-23T11:23:11","modified_gmt":"2025-07-23T09:23:11","slug":"biguma-fertigschlaemme-e","status":"publish","type":"product","link":"https:\/\/dga.de\/fr\/produkt\/biguma-fertigschlaemme-e\/","title":{"rendered":"BIGUMA\u00ae- Fertigschl\u00e4mme E"},"content":{"rendered":"<p>BIGUMA\u00ae-Fertigschl\u00e4mme E est utilis\u00e9e de pr\u00e9f\u00e9rence pour sceller les couches d&rsquo;enrob\u00e9 rugueuses et poreuses afin de prolonger consid\u00e9rablement leur dur\u00e9e de vie. Elle permet en plus d&rsquo;\u00e9viter la d\u00e9g\u00e9n\u00e9ration des couches de surface affaiblies et endommag\u00e9es superficiellement. Les couches en enrob\u00e9 trop poreuses peuvent \u00eatre referm\u00e9es avec BIGUMA\u00ae- Fertigschl\u00e4mme E.<br \/>\nBIGUMA\u00ae- Fertigschl\u00e4mme E est facile \u00e0 appliquer, car elle ne n\u00e9cessite aucune machine.<\/p>\n<p>Homologation : TL Sbit-StB<\/p>\n","protected":false},"excerpt":{"rendered":"<p>Boue \u00e0 base d&rsquo;une \u00e9mulsion de bitume pour les couches de surface en enrob\u00e9<\/p>\n[fusion_global id=\"12385\"]\n","protected":false},"featured_media":9600,"comment_status":"closed","ping_status":"closed","template":"","meta":[],"product_brand":[],"product_cat":[989,945,955,954],"product_tag":[],"class_list":{"0":"post-9598","1":"product","2":"type-product","3":"status-publish","4":"has-post-thumbnail","6":"product_cat-schlaemme-und-porenfuellmassen-fr","7":"product_cat-strassenbau-fr","8":"product_cat-asphalt-fr","9":"product_cat-verkehrsflaechen-fr","11":"first","12":"instock","13":"product-type-simple"},"_links":{"self":[{"href":"https:\/\/dga.de\/fr\/wp-json\/wp\/v2\/product\/9598","targetHints":{"allow":["GET"]}}],"collection":[{"href":"https:\/\/dga.de\/fr\/wp-json\/wp\/v2\/product"}],"about":[{"href":"https:\/\/dga.de\/fr\/wp-json\/wp\/v2\/types\/product"}],"replies":[{"embeddable":true,"href":"https:\/\/dga.de\/fr\/wp-json\/wp\/v2\/comments?post=9598"}],"wp:featuredmedia":[{"embeddable":true,"href":"https:\/\/dga.de\/fr\/wp-json\/wp\/v2\/media\/9600"}],"wp:attachment":[{"href":"https:\/\/dga.de\/fr\/wp-json\/wp\/v2\/media?parent=9598"}],"wp:term":[{"taxonomy":"product_brand","embeddable":true,"href":"https:\/\/dga.de\/fr\/wp-json\/wp\/v2\/product_brand?post=9598"},{"taxonomy":"product_cat","embeddable":true,"href":"https:\/\/dga.de\/fr\/wp-json\/wp\/v2\/product_cat?post=9598"},{"taxonomy":"product_tag","embeddable":true,"href":"https:\/\/dga.de\/fr\/wp-json\/wp\/v2\/product_tag?post=9598"}],"curies":[{"name":"wp","href":"https:\/\/api.w.org\/{rel}","templated":true}]}}