{"id":9604,"date":"2019-03-26T11:49:18","date_gmt":"2019-03-26T10:49:18","guid":{"rendered":"https:\/\/dga.de\/produkt\/biguma-fertigschlaemme-l\/"},"modified":"2024-02-01T09:08:15","modified_gmt":"2024-02-01T08:08:15","slug":"biguma-fertigschlaemme-l","status":"publish","type":"product","link":"https:\/\/dga.de\/fr\/produkt\/biguma-fertigschlaemme-l\/","title":{"rendered":"BIGUMA\u00ae- Fertigschl\u00e4mme L"},"content":{"rendered":"<p>BIGUMA\u00ae- Fertigschl\u00e4mme L est utilis\u00e9e pour le scellement et le rafra\u00eechissement des surfaces en enrob\u00e9. De plus, cette masse de remplissage de pores prolonge la dur\u00e9e de vie des couches d&rsquo;enrob\u00e9 rugueuses et poreuses et permet d&rsquo;\u00e9viter la d\u00e9g\u00e9n\u00e9ration des couches de surface superficiellement endommag\u00e9es.<br \/>\nBIGUMA\u00ae- Fertigschl\u00e4mme L est facile \u00e0 appliquer, car elle ne n\u00e9cessite aucune machine.<\/p>\n<p>Homologation : TL-Sbit<\/p>\n","protected":false},"excerpt":{"rendered":"<p>Masse de remplissage de pores pr\u00eate \u00e0 l&#8217;emploi, contenant un solvant, avec des min\u00e9raux \u00e0 grains fins<\/p>\n[fusion_global id=\"12385\"]\n","protected":false},"featured_media":16557,"comment_status":"closed","ping_status":"closed","template":"","meta":[],"product_brand":[],"product_cat":[989,945,955,954],"product_tag":[],"class_list":{"0":"post-9604","1":"product","2":"type-product","3":"status-publish","4":"has-post-thumbnail","6":"product_cat-schlaemme-und-porenfuellmassen-fr","7":"product_cat-strassenbau-fr","8":"product_cat-asphalt-fr","9":"product_cat-verkehrsflaechen-fr","11":"first","12":"instock","13":"product-type-simple"},"_links":{"self":[{"href":"https:\/\/dga.de\/fr\/wp-json\/wp\/v2\/product\/9604","targetHints":{"allow":["GET"]}}],"collection":[{"href":"https:\/\/dga.de\/fr\/wp-json\/wp\/v2\/product"}],"about":[{"href":"https:\/\/dga.de\/fr\/wp-json\/wp\/v2\/types\/product"}],"replies":[{"embeddable":true,"href":"https:\/\/dga.de\/fr\/wp-json\/wp\/v2\/comments?post=9604"}],"wp:featuredmedia":[{"embeddable":true,"href":"https:\/\/dga.de\/fr\/wp-json\/wp\/v2\/media\/16557"}],"wp:attachment":[{"href":"https:\/\/dga.de\/fr\/wp-json\/wp\/v2\/media?parent=9604"}],"wp:term":[{"taxonomy":"product_brand","embeddable":true,"href":"https:\/\/dga.de\/fr\/wp-json\/wp\/v2\/product_brand?post=9604"},{"taxonomy":"product_cat","embeddable":true,"href":"https:\/\/dga.de\/fr\/wp-json\/wp\/v2\/product_cat?post=9604"},{"taxonomy":"product_tag","embeddable":true,"href":"https:\/\/dga.de\/fr\/wp-json\/wp\/v2\/product_tag?post=9604"}],"curies":[{"name":"wp","href":"https:\/\/api.w.org\/{rel}","templated":true}]}}