{"id":9607,"date":"2019-03-26T11:49:18","date_gmt":"2019-03-26T10:49:18","guid":{"rendered":"https:\/\/dga.de\/produkt\/biguma-rep\/"},"modified":"2025-09-16T14:32:30","modified_gmt":"2025-09-16T12:32:30","slug":"biguma-rep","status":"publish","type":"product","link":"https:\/\/dga.de\/fr\/produkt\/biguma-rep\/","title":{"rendered":"BIGUMA\u00ae- Rep"},"content":{"rendered":"<p>BIGUMA\u00ae &#8211; Rep a \u00e9t\u00e9 con\u00e7u pour remplir les nids de poule et les \u00e9ruptions dans les surfaces en enrob\u00e9. Cette masse de r\u00e9paration est applicable \u00e0 froid et peut \u00eatre m\u00e9lang\u00e9e rapidement et facilement sur le chantier. Sa composition \u00e0 plusieurs composants permet un durcissement particuli\u00e8rement rapide. BIGUMA\u00ae- Rep est disponible dans diff\u00e9rentes granulom\u00e9tries.<\/p>\n<p>Tailles de grains : 0\/3 mm, 0\/5 mm (autres tailles disponibles sur demande)<\/p>\n","protected":false},"excerpt":{"rendered":"<p>Masse de r\u00e9paration pour la construction de routes, applicable \u00e0 froid<\/p>\n[fusion_global id=\"12385\"]\n<p>&nbsp;<\/p>\n","protected":false},"featured_media":22954,"comment_status":"closed","ping_status":"closed","template":"","meta":[],"product_brand":[],"product_cat":[945,955,990,954],"product_tag":[],"class_list":{"0":"post-9607","1":"product","2":"type-product","3":"status-publish","4":"has-post-thumbnail","6":"product_cat-strassenbau-fr","7":"product_cat-asphalt-fr","8":"product_cat-kaltasphalt-und-reparaturmassen-fr","9":"product_cat-verkehrsflaechen-fr","11":"first","12":"instock","13":"product-type-simple"},"_links":{"self":[{"href":"https:\/\/dga.de\/fr\/wp-json\/wp\/v2\/product\/9607","targetHints":{"allow":["GET"]}}],"collection":[{"href":"https:\/\/dga.de\/fr\/wp-json\/wp\/v2\/product"}],"about":[{"href":"https:\/\/dga.de\/fr\/wp-json\/wp\/v2\/types\/product"}],"replies":[{"embeddable":true,"href":"https:\/\/dga.de\/fr\/wp-json\/wp\/v2\/comments?post=9607"}],"wp:featuredmedia":[{"embeddable":true,"href":"https:\/\/dga.de\/fr\/wp-json\/wp\/v2\/media\/22954"}],"wp:attachment":[{"href":"https:\/\/dga.de\/fr\/wp-json\/wp\/v2\/media?parent=9607"}],"wp:term":[{"taxonomy":"product_brand","embeddable":true,"href":"https:\/\/dga.de\/fr\/wp-json\/wp\/v2\/product_brand?post=9607"},{"taxonomy":"product_cat","embeddable":true,"href":"https:\/\/dga.de\/fr\/wp-json\/wp\/v2\/product_cat?post=9607"},{"taxonomy":"product_tag","embeddable":true,"href":"https:\/\/dga.de\/fr\/wp-json\/wp\/v2\/product_tag?post=9607"}],"curies":[{"name":"wp","href":"https:\/\/api.w.org\/{rel}","templated":true}]}}