{"id":9611,"date":"2019-03-26T11:49:18","date_gmt":"2019-03-26T10:49:18","guid":{"rendered":"https:\/\/dga.de\/produkt\/biguma-aquabit\/"},"modified":"2022-05-12T10:25:11","modified_gmt":"2022-05-12T08:25:11","slug":"biguma-aquabit","status":"publish","type":"product","link":"https:\/\/dga.de\/fr\/produkt\/biguma-aquabit\/","title":{"rendered":"BIGUMA\u00ae- AquaBit"},"content":{"rendered":"<p>BIGUMA\u00ae- AquaBit est utilis\u00e9e pour r\u00e9parer les d\u00e9fauts de la chauss\u00e9e, pour remplir les nids de poule, pour fermer les br\u00e8ches et pour cr\u00e9er des rampes. Elle est applicable \u00e0 froid, durcit en peu de temps gr\u00e2ce \u00e0 sa combinaison sp\u00e9ciale de substances actives et peut donc \u00eatre charg\u00e9e t\u00f4t.<\/p>\n<p>Tailles de grains : 0\/3 mm, 0\/5 mm, 0\/8 mm<\/p>\n","protected":false},"excerpt":{"rendered":"<p>M\u00e9lange d&rsquo;enrob\u00e9 applicable \u00e0 froid \u00e0 durcissement rapide<\/p>\n[fusion_global id=\"12385\"]\n","protected":false},"featured_media":16537,"comment_status":"closed","ping_status":"closed","template":"","meta":[],"product_brand":[],"product_cat":[945,955,990,954],"product_tag":[],"class_list":{"0":"post-9611","1":"product","2":"type-product","3":"status-publish","4":"has-post-thumbnail","6":"product_cat-strassenbau-fr","7":"product_cat-asphalt-fr","8":"product_cat-kaltasphalt-und-reparaturmassen-fr","9":"product_cat-verkehrsflaechen-fr","11":"first","12":"instock","13":"product-type-simple"},"_links":{"self":[{"href":"https:\/\/dga.de\/fr\/wp-json\/wp\/v2\/product\/9611","targetHints":{"allow":["GET"]}}],"collection":[{"href":"https:\/\/dga.de\/fr\/wp-json\/wp\/v2\/product"}],"about":[{"href":"https:\/\/dga.de\/fr\/wp-json\/wp\/v2\/types\/product"}],"replies":[{"embeddable":true,"href":"https:\/\/dga.de\/fr\/wp-json\/wp\/v2\/comments?post=9611"}],"wp:featuredmedia":[{"embeddable":true,"href":"https:\/\/dga.de\/fr\/wp-json\/wp\/v2\/media\/16537"}],"wp:attachment":[{"href":"https:\/\/dga.de\/fr\/wp-json\/wp\/v2\/media?parent=9611"}],"wp:term":[{"taxonomy":"product_brand","embeddable":true,"href":"https:\/\/dga.de\/fr\/wp-json\/wp\/v2\/product_brand?post=9611"},{"taxonomy":"product_cat","embeddable":true,"href":"https:\/\/dga.de\/fr\/wp-json\/wp\/v2\/product_cat?post=9611"},{"taxonomy":"product_tag","embeddable":true,"href":"https:\/\/dga.de\/fr\/wp-json\/wp\/v2\/product_tag?post=9611"}],"curies":[{"name":"wp","href":"https:\/\/api.w.org\/{rel}","templated":true}]}}