{"id":9613,"date":"2019-03-26T11:49:18","date_gmt":"2019-03-26T10:49:18","guid":{"rendered":"https:\/\/dga.de\/produkt\/biguma-kaltasphalt-spezial\/"},"modified":"2022-04-22T09:22:43","modified_gmt":"2022-04-22T07:22:43","slug":"biguma-kaltasphalt-spezial","status":"publish","type":"product","link":"https:\/\/dga.de\/fr\/produkt\/biguma-kaltasphalt-spezial\/","title":{"rendered":"BIGUMA\u00ae- Kaltasphalt Spezial"},"content":{"rendered":"<p>BIGUMA\u00ae- Kaltasphalt Spezial est un m\u00e9lange d&rsquo;enrob\u00e9 applicable \u00e0 froid et stockable pour la r\u00e9paration de d\u00e9fauts de chauss\u00e9e (par ex. nids de poule) dans les zones de circulation, dans le cadre de l&rsquo;entretien pr\u00e9ventif des routes. Ce m\u00e9lange d&rsquo;enrob\u00e9 a de tr\u00e8s bonnes propri\u00e9t\u00e9s d&rsquo;adh\u00e9rence et est facile \u00e0 appliquer dans toutes les conditions m\u00e9t\u00e9orologiques, y compris par temps humide et \u00e0 basse temp\u00e9rature.<\/p>\n","protected":false},"excerpt":{"rendered":"<p>M\u00e9lange d&rsquo;enrob\u00e9 applicable \u00e0 froid et stockable<\/p>\n[fusion_global id=\"12385\"]\n","protected":false},"featured_media":9614,"comment_status":"closed","ping_status":"closed","template":"","meta":[],"product_brand":[],"product_cat":[945,955,990,954],"product_tag":[],"class_list":{"0":"post-9613","1":"product","2":"type-product","3":"status-publish","4":"has-post-thumbnail","6":"product_cat-strassenbau-fr","7":"product_cat-asphalt-fr","8":"product_cat-kaltasphalt-und-reparaturmassen-fr","9":"product_cat-verkehrsflaechen-fr","11":"first","12":"instock","13":"product-type-simple"},"_links":{"self":[{"href":"https:\/\/dga.de\/fr\/wp-json\/wp\/v2\/product\/9613","targetHints":{"allow":["GET"]}}],"collection":[{"href":"https:\/\/dga.de\/fr\/wp-json\/wp\/v2\/product"}],"about":[{"href":"https:\/\/dga.de\/fr\/wp-json\/wp\/v2\/types\/product"}],"replies":[{"embeddable":true,"href":"https:\/\/dga.de\/fr\/wp-json\/wp\/v2\/comments?post=9613"}],"wp:featuredmedia":[{"embeddable":true,"href":"https:\/\/dga.de\/fr\/wp-json\/wp\/v2\/media\/9614"}],"wp:attachment":[{"href":"https:\/\/dga.de\/fr\/wp-json\/wp\/v2\/media?parent=9613"}],"wp:term":[{"taxonomy":"product_brand","embeddable":true,"href":"https:\/\/dga.de\/fr\/wp-json\/wp\/v2\/product_brand?post=9613"},{"taxonomy":"product_cat","embeddable":true,"href":"https:\/\/dga.de\/fr\/wp-json\/wp\/v2\/product_cat?post=9613"},{"taxonomy":"product_tag","embeddable":true,"href":"https:\/\/dga.de\/fr\/wp-json\/wp\/v2\/product_tag?post=9613"}],"curies":[{"name":"wp","href":"https:\/\/api.w.org\/{rel}","templated":true}]}}