{"id":9615,"date":"2019-03-26T11:49:18","date_gmt":"2019-03-26T10:49:18","guid":{"rendered":"https:\/\/dga.de\/produkt\/biguma-ms-100\/"},"modified":"2022-04-22T12:03:19","modified_gmt":"2022-04-22T10:03:19","slug":"biguma-ms-100","status":"publish","type":"product","link":"https:\/\/dga.de\/fr\/produkt\/biguma-ms-100\/","title":{"rendered":"BIGUMA\u00ae- MS 100"},"content":{"rendered":"<p>BIGUMA\u00ae- MS 100 est le liant id\u00e9al pour la fabrication des m\u00e9langes froids stockables dans les syst\u00e8mes de m\u00e9lange chauds. Le seul \u00e9quipement de construction requis est un r\u00e9servoir de stockage. Ce m\u00e9lange froid convient pour r\u00e9parer les d\u00e9fauts de chauss\u00e9e dans le cadre de l&rsquo;entretien pr\u00e9ventif des routes et pour remplir les nids de poule, les fissures larges et les d\u00e9g\u00e2ts caus\u00e9s par le gel. Il se caract\u00e9rise par une tr\u00e8s bonne adh\u00e9rence \u00e0 presque tous les types de pierres.<\/p>\n","protected":false},"excerpt":{"rendered":"<p>Bitume sp\u00e9cial pour la fabrication des m\u00e9langes froids stockables<\/p>\n[fusion_global id=\"12385\"]\n","protected":false},"featured_media":16420,"comment_status":"closed","ping_status":"closed","template":"","meta":[],"product_brand":[],"product_cat":[945,955,990,954],"product_tag":[],"class_list":{"0":"post-9615","1":"product","2":"type-product","3":"status-publish","4":"has-post-thumbnail","6":"product_cat-strassenbau-fr","7":"product_cat-asphalt-fr","8":"product_cat-kaltasphalt-und-reparaturmassen-fr","9":"product_cat-verkehrsflaechen-fr","11":"first","12":"instock","13":"product-type-simple"},"_links":{"self":[{"href":"https:\/\/dga.de\/fr\/wp-json\/wp\/v2\/product\/9615","targetHints":{"allow":["GET"]}}],"collection":[{"href":"https:\/\/dga.de\/fr\/wp-json\/wp\/v2\/product"}],"about":[{"href":"https:\/\/dga.de\/fr\/wp-json\/wp\/v2\/types\/product"}],"replies":[{"embeddable":true,"href":"https:\/\/dga.de\/fr\/wp-json\/wp\/v2\/comments?post=9615"}],"wp:featuredmedia":[{"embeddable":true,"href":"https:\/\/dga.de\/fr\/wp-json\/wp\/v2\/media\/16420"}],"wp:attachment":[{"href":"https:\/\/dga.de\/fr\/wp-json\/wp\/v2\/media?parent=9615"}],"wp:term":[{"taxonomy":"product_brand","embeddable":true,"href":"https:\/\/dga.de\/fr\/wp-json\/wp\/v2\/product_brand?post=9615"},{"taxonomy":"product_cat","embeddable":true,"href":"https:\/\/dga.de\/fr\/wp-json\/wp\/v2\/product_cat?post=9615"},{"taxonomy":"product_tag","embeddable":true,"href":"https:\/\/dga.de\/fr\/wp-json\/wp\/v2\/product_tag?post=9615"}],"curies":[{"name":"wp","href":"https:\/\/api.w.org\/{rel}","templated":true}]}}