{"id":9617,"date":"2019-03-26T11:49:18","date_gmt":"2019-03-26T10:49:18","guid":{"rendered":"https:\/\/dga.de\/produkt\/nila-plast-gp-2-0-3-0-typ-ii\/"},"modified":"2026-02-13T08:37:59","modified_gmt":"2026-02-13T07:37:59","slug":"nila-plast-gp-2-0-3-0-typ-ii","status":"publish","type":"product","link":"https:\/\/dga.de\/fr\/produkt\/nila-plast-gp-2-0-3-0-typ-ii\/","title":{"rendered":"NILA\u00ae- Plast GP 2.0-3.0 (type II)"},"content":{"rendered":"<p>Que vous souhaitiez r\u00e9aliser un marquage par incrustation ou par pose, NILA\u00ae- Plast GP 2.0-3.0 (type II) est la solution id\u00e9ale : Le type de liant et la composition de ce produit de marquage li\u00e9 \u00e0 la r\u00e9sine synth\u00e9tique ont \u00e9t\u00e9 choisis de mani\u00e8re \u00e0 ce que les deux m\u00e9thodes d&rsquo;application puissent \u00eatre utilis\u00e9es sans probl\u00e8me.<br \/>\nNILA\u00ae- Plast GP 2.0-3.0 (type II) est adapt\u00e9 \u00e0 la r\u00e9alisation de marquages sur des zones de circulation en enrob\u00e9 telles que les routes, les autoroutes, les terrains de sport, les a\u00e9rodromes et les parkings ayant des exigences \u00e9lev\u00e9es en mati\u00e8re de visibilit\u00e9 nocturne par temps humides.<\/p>\n","protected":false},"excerpt":{"rendered":"<p>Masse plastique chaude applicable par incrustation et par pose, pour les marquages de type II, classe de trafic P7<\/p>\n[fusion_global id=\"12385\"]\n","protected":false},"featured_media":9618,"comment_status":"closed","ping_status":"closed","template":"","meta":[],"product_brand":[],"product_cat":[945,979],"product_tag":[],"class_list":{"0":"post-9617","1":"product","2":"type-product","3":"status-publish","4":"has-post-thumbnail","6":"product_cat-strassenbau-fr","7":"product_cat-markierungen-fr","9":"first","10":"instock","11":"product-type-simple"},"_links":{"self":[{"href":"https:\/\/dga.de\/fr\/wp-json\/wp\/v2\/product\/9617","targetHints":{"allow":["GET"]}}],"collection":[{"href":"https:\/\/dga.de\/fr\/wp-json\/wp\/v2\/product"}],"about":[{"href":"https:\/\/dga.de\/fr\/wp-json\/wp\/v2\/types\/product"}],"replies":[{"embeddable":true,"href":"https:\/\/dga.de\/fr\/wp-json\/wp\/v2\/comments?post=9617"}],"wp:featuredmedia":[{"embeddable":true,"href":"https:\/\/dga.de\/fr\/wp-json\/wp\/v2\/media\/9618"}],"wp:attachment":[{"href":"https:\/\/dga.de\/fr\/wp-json\/wp\/v2\/media?parent=9617"}],"wp:term":[{"taxonomy":"product_brand","embeddable":true,"href":"https:\/\/dga.de\/fr\/wp-json\/wp\/v2\/product_brand?post=9617"},{"taxonomy":"product_cat","embeddable":true,"href":"https:\/\/dga.de\/fr\/wp-json\/wp\/v2\/product_cat?post=9617"},{"taxonomy":"product_tag","embeddable":true,"href":"https:\/\/dga.de\/fr\/wp-json\/wp\/v2\/product_tag?post=9617"}],"curies":[{"name":"wp","href":"https:\/\/api.w.org\/{rel}","templated":true}]}}