{"id":9619,"date":"2019-03-26T11:49:18","date_gmt":"2019-03-26T10:49:18","guid":{"rendered":"https:\/\/dga.de\/produkt\/nila-plast-pro-125-ii-rmd\/"},"modified":"2026-02-13T09:01:37","modified_gmt":"2026-02-13T08:01:37","slug":"nila-plast-pro-125-ii-rmd","status":"publish","type":"product","link":"https:\/\/dga.de\/fr\/produkt\/nila-plast-pro-125-ii-rmd\/","title":{"rendered":"NILA\u00ae- Plast PRO 125 \/ II RMD"},"content":{"rendered":"<p>NILA\u00ae-Plast PRO 125 \/ II RMD est sp\u00e9cialement con\u00e7u pour la r\u00e9alisation de marquages en tant que ligne de base avec des agglom\u00e9r\u00e9s ordinaires. Ce produit de marquage r\u00e9fl\u00e9chissant convient \u00e0 la r\u00e9alisation de marquages par pose sur tous les types de zones de circulation en enrob\u00e9 telles que les routes, les autoroutes et les a\u00e9rodromes. Sa composition assure une meilleure visibilit\u00e9 nocturne dans des conditions humides.<br \/>\nNILA\u00ae- Plast PRO 125 \/ II RMD est appliqu\u00e9 sur des couches de surface \u00e0 des temp\u00e9ratures de 190 \u00e0 220 degr\u00e9s Celsius sous forme d&rsquo;agglom\u00e9r\u00e9s ordinaires avec une \u00e9paisseur de couche de 1,9 mm, gr\u00e2ce \u00e0 une machine de pose automotrice dot\u00e9e d&rsquo;un marqueur sp\u00e9cial. Pour r\u00e9aliser le marquage de type II, la structure n\u00e9cessaire est appliqu\u00e9e en une seule fois \u00e0 l&rsquo;aide d&rsquo;un marqueur sp\u00e9cial.<\/p>\n","protected":false},"excerpt":{"rendered":"<p>Masse plastique chaude applicable par incrustation pour les marquages de type II, classe de trafic P7<\/p>\n","protected":false},"featured_media":9548,"comment_status":"closed","ping_status":"closed","template":"","meta":[],"product_brand":[],"product_cat":[945,979],"product_tag":[],"class_list":{"0":"post-9619","1":"product","2":"type-product","3":"status-publish","4":"has-post-thumbnail","6":"product_cat-strassenbau-fr","7":"product_cat-markierungen-fr","9":"first","10":"instock","11":"product-type-simple"},"_links":{"self":[{"href":"https:\/\/dga.de\/fr\/wp-json\/wp\/v2\/product\/9619","targetHints":{"allow":["GET"]}}],"collection":[{"href":"https:\/\/dga.de\/fr\/wp-json\/wp\/v2\/product"}],"about":[{"href":"https:\/\/dga.de\/fr\/wp-json\/wp\/v2\/types\/product"}],"replies":[{"embeddable":true,"href":"https:\/\/dga.de\/fr\/wp-json\/wp\/v2\/comments?post=9619"}],"wp:featuredmedia":[{"embeddable":true,"href":"https:\/\/dga.de\/fr\/wp-json\/wp\/v2\/media\/9548"}],"wp:attachment":[{"href":"https:\/\/dga.de\/fr\/wp-json\/wp\/v2\/media?parent=9619"}],"wp:term":[{"taxonomy":"product_brand","embeddable":true,"href":"https:\/\/dga.de\/fr\/wp-json\/wp\/v2\/product_brand?post=9619"},{"taxonomy":"product_cat","embeddable":true,"href":"https:\/\/dga.de\/fr\/wp-json\/wp\/v2\/product_cat?post=9619"},{"taxonomy":"product_tag","embeddable":true,"href":"https:\/\/dga.de\/fr\/wp-json\/wp\/v2\/product_tag?post=9619"}],"curies":[{"name":"wp","href":"https:\/\/api.w.org\/{rel}","templated":true}]}}