{"id":9620,"date":"2019-03-26T11:49:18","date_gmt":"2019-03-26T10:49:18","guid":{"rendered":"https:\/\/dga.de\/produkt\/nila-plast-pro-125-ii-rmd-2-0-r-p6\/"},"modified":"2026-02-13T09:03:02","modified_gmt":"2026-02-13T08:03:02","slug":"nila-plast-pro-125-ii-rmd-2-0-r-p6","status":"publish","type":"product","link":"https:\/\/dga.de\/fr\/produkt\/nila-plast-pro-125-ii-rmd-2-0-r-p6\/","title":{"rendered":"NILA\u00ae- Plast PRO 125 \/ II RMD 2.0-R (P6)"},"content":{"rendered":"<p>NILA\u00ae-Plast PRO 125 \/ II RMD est sp\u00e9cialement con\u00e7u pour la r\u00e9alisation de marquages en tant que ligne de base. Ce produit de marquage r\u00e9fl\u00e9chissant convient \u00e0 la r\u00e9alisation de marquages sur tous les types de zones de circulation en enrob\u00e9 telles que les routes, les autoroutes et les a\u00e9rodromes en tant qu&rsquo;agglom\u00e9r\u00e9 ordinaire avec une visibilit\u00e9 nocturne accrue dans des conditions humides.<br \/>\nNILA\u00ae- Plast PRO 125 \/ II RMD est appliqu\u00e9 sur des couches de surface \u00e0 des temp\u00e9ratures de 200 \u00e0 220 degr\u00e9s Celsius sous forme d&rsquo;agglom\u00e9r\u00e9s ordinaires (ligne \u00e0 points multiples) avec des points ronds d&rsquo;environ 3 \u00e0 4 cm de diam\u00e8tre avec une \u00e9paisseur de couche de 3 \u00e0 4 mm, gr\u00e2ce \u00e0 une machine de pose automotrice dot\u00e9e d&rsquo;un marqueur sp\u00e9cial.<\/p>\n","protected":false},"excerpt":{"rendered":"<p>Masse plastique chaude applicable par incrustation pour les marquages de type II, classe de trafic P6<\/p>\n[fusion_global id=\"12385\"]\n","protected":false},"featured_media":9548,"comment_status":"closed","ping_status":"closed","template":"","meta":[],"product_brand":[],"product_cat":[945,979],"product_tag":[],"class_list":{"0":"post-9620","1":"product","2":"type-product","3":"status-publish","4":"has-post-thumbnail","6":"product_cat-strassenbau-fr","7":"product_cat-markierungen-fr","9":"first","10":"instock","11":"product-type-simple"},"_links":{"self":[{"href":"https:\/\/dga.de\/fr\/wp-json\/wp\/v2\/product\/9620","targetHints":{"allow":["GET"]}}],"collection":[{"href":"https:\/\/dga.de\/fr\/wp-json\/wp\/v2\/product"}],"about":[{"href":"https:\/\/dga.de\/fr\/wp-json\/wp\/v2\/types\/product"}],"replies":[{"embeddable":true,"href":"https:\/\/dga.de\/fr\/wp-json\/wp\/v2\/comments?post=9620"}],"wp:featuredmedia":[{"embeddable":true,"href":"https:\/\/dga.de\/fr\/wp-json\/wp\/v2\/media\/9548"}],"wp:attachment":[{"href":"https:\/\/dga.de\/fr\/wp-json\/wp\/v2\/media?parent=9620"}],"wp:term":[{"taxonomy":"product_brand","embeddable":true,"href":"https:\/\/dga.de\/fr\/wp-json\/wp\/v2\/product_brand?post=9620"},{"taxonomy":"product_cat","embeddable":true,"href":"https:\/\/dga.de\/fr\/wp-json\/wp\/v2\/product_cat?post=9620"},{"taxonomy":"product_tag","embeddable":true,"href":"https:\/\/dga.de\/fr\/wp-json\/wp\/v2\/product_tag?post=9620"}],"curies":[{"name":"wp","href":"https:\/\/api.w.org\/{rel}","templated":true}]}}