{"id":9621,"date":"2019-03-26T11:49:05","date_gmt":"2019-03-26T10:49:05","guid":{"rendered":"https:\/\/dga.de\/produkt\/colzumix-airfield\/"},"modified":"2025-01-13T14:40:26","modified_gmt":"2025-01-13T13:40:26","slug":"colzumix-airfield","status":"publish","type":"product","link":"https:\/\/dga.de\/fr\/produkt\/colzumix-airfield\/","title":{"rendered":"COLZUMIX\u00ae- Airfield"},"content":{"rendered":"<p>Les avions qui d\u00e9collent et qui atterrissent p\u00e8sent plusieurs tonnes, et exercent une charge lourde sur les surfaces de circulation en b\u00e9ton dans la zone des bords de joints. Nous avons con\u00e7u la sous-couche (primaire) transparente sp\u00e9cialement modifi\u00e9e COLZUMIX\u00ae- Airfield pour ce cas d&rsquo;utilisation pr\u00e9cis. Gr\u00e2ce \u00e0 ses excellentes propri\u00e9t\u00e9s adh\u00e9sives, elle assure, en combinaison avec notre masse de scellement \u00e0 chaud BIGUMA\u00ae- Airfield, une tr\u00e8s bonne adh\u00e9rence de la masse de scellement sur les zones de circulation en b\u00e9ton et en enrob\u00e9.<\/p>\n<p>Homologations :\u00a0 TL Fug-StB, EN 14188-4, typ PRH<\/p>\n","protected":false},"excerpt":{"rendered":"<p>Primaire en plastique pour le scellement dans les zones de circulation tr\u00e8s denses<\/p>\n[fusion_global id=\"12385\"]\n","protected":false},"featured_media":9622,"comment_status":"closed","ping_status":"closed","template":"","meta":[],"product_brand":[],"product_cat":[945,991],"product_tag":[],"class_list":{"0":"post-9621","1":"product","2":"type-product","3":"status-publish","4":"has-post-thumbnail","6":"product_cat-strassenbau-fr","7":"product_cat-systemprodukte-strassenbau-2-fr","9":"first","10":"instock","11":"product-type-simple"},"_links":{"self":[{"href":"https:\/\/dga.de\/fr\/wp-json\/wp\/v2\/product\/9621","targetHints":{"allow":["GET"]}}],"collection":[{"href":"https:\/\/dga.de\/fr\/wp-json\/wp\/v2\/product"}],"about":[{"href":"https:\/\/dga.de\/fr\/wp-json\/wp\/v2\/types\/product"}],"replies":[{"embeddable":true,"href":"https:\/\/dga.de\/fr\/wp-json\/wp\/v2\/comments?post=9621"}],"wp:featuredmedia":[{"embeddable":true,"href":"https:\/\/dga.de\/fr\/wp-json\/wp\/v2\/media\/9622"}],"wp:attachment":[{"href":"https:\/\/dga.de\/fr\/wp-json\/wp\/v2\/media?parent=9621"}],"wp:term":[{"taxonomy":"product_brand","embeddable":true,"href":"https:\/\/dga.de\/fr\/wp-json\/wp\/v2\/product_brand?post=9621"},{"taxonomy":"product_cat","embeddable":true,"href":"https:\/\/dga.de\/fr\/wp-json\/wp\/v2\/product_cat?post=9621"},{"taxonomy":"product_tag","embeddable":true,"href":"https:\/\/dga.de\/fr\/wp-json\/wp\/v2\/product_tag?post=9621"}],"curies":[{"name":"wp","href":"https:\/\/api.w.org\/{rel}","templated":true}]}}