{"id":9623,"date":"2019-03-26T11:49:05","date_gmt":"2019-03-26T10:49:05","guid":{"rendered":"https:\/\/dga.de\/produkt\/proxan-kv-2-g-s\/"},"modified":"2025-07-28T13:02:05","modified_gmt":"2025-07-28T11:02:05","slug":"proxan-kv-2-g-s","status":"publish","type":"product","link":"https:\/\/dga.de\/fr\/produkt\/proxan-kv-2-g-s\/","title":{"rendered":"PROXAN\u00ae- KV 2 G-S"},"content":{"rendered":"<p>PROXAN\u00ae- KV 2 G-S est une masse de scellement \u00e0 deux composants \u00e0 r\u00e9action rapide pour les joints ayant une dilatation jusqu&rsquo;\u00e0 35 % de la largeur du joint. Elle convient sp\u00e9cialement pour les zones de circulation en b\u00e9ton telles que les autoroutes et les zones a\u00e9roportuaires ayant des exigences \u00e9lev\u00e9es en mati\u00e8re d&rsquo;absorption des mouvements. Cette masse de scellement se caract\u00e9rise par une grande r\u00e9sistance chimique et emp\u00eache ainsi de mani\u00e8re fiable la p\u00e9n\u00e9tration dans le sol de substances polluantes pour l&rsquo;eau.<br \/>\nPROXAN\u00ae- KV 2 G-S peut \u00eatre coul\u00e9e, est autonivelante et donc particuli\u00e8rement facile \u00e0 appliquer.<\/p>\n<p>Homologations : TL Fug-StB, Test de performance du BAM (Bundesanstalt f\u00fcr Materialpr\u00fcfung &#8211; BAM) (rapport d&rsquo;essai BAM 7,1\/16014734)<\/p>\n","protected":false},"excerpt":{"rendered":"<p>Masse de scellement \u00e0 deux composants \u00e0 base de polysulfure pour les zones de circulation en b\u00e9ton<\/p>\n[fusion_global id=\"12385\"]\n","protected":false},"featured_media":22796,"comment_status":"closed","ping_status":"closed","template":"","meta":[],"product_brand":[],"product_cat":[945,946],"product_tag":[],"class_list":{"0":"post-9623","1":"product","2":"type-product","3":"status-publish","4":"has-post-thumbnail","6":"product_cat-strassenbau-fr","7":"product_cat-fugenmassen-strassenbau-2-fr","9":"first","10":"instock","11":"product-type-simple"},"_links":{"self":[{"href":"https:\/\/dga.de\/fr\/wp-json\/wp\/v2\/product\/9623","targetHints":{"allow":["GET"]}}],"collection":[{"href":"https:\/\/dga.de\/fr\/wp-json\/wp\/v2\/product"}],"about":[{"href":"https:\/\/dga.de\/fr\/wp-json\/wp\/v2\/types\/product"}],"replies":[{"embeddable":true,"href":"https:\/\/dga.de\/fr\/wp-json\/wp\/v2\/comments?post=9623"}],"wp:featuredmedia":[{"embeddable":true,"href":"https:\/\/dga.de\/fr\/wp-json\/wp\/v2\/media\/22796"}],"wp:attachment":[{"href":"https:\/\/dga.de\/fr\/wp-json\/wp\/v2\/media?parent=9623"}],"wp:term":[{"taxonomy":"product_brand","embeddable":true,"href":"https:\/\/dga.de\/fr\/wp-json\/wp\/v2\/product_brand?post=9623"},{"taxonomy":"product_cat","embeddable":true,"href":"https:\/\/dga.de\/fr\/wp-json\/wp\/v2\/product_cat?post=9623"},{"taxonomy":"product_tag","embeddable":true,"href":"https:\/\/dga.de\/fr\/wp-json\/wp\/v2\/product_tag?post=9623"}],"curies":[{"name":"wp","href":"https:\/\/api.w.org\/{rel}","templated":true}]}}