{"id":9625,"date":"2019-03-26T11:49:05","date_gmt":"2019-03-26T10:49:05","guid":{"rendered":"https:\/\/dga.de\/produkt\/proxan-kv-2-g-kv-2-st\/"},"modified":"2022-07-22T10:58:15","modified_gmt":"2022-07-22T08:58:15","slug":"proxan-kv-2-g-kv-2-st","status":"publish","type":"product","link":"https:\/\/dga.de\/fr\/produkt\/proxan-kv-2-g-kv-2-st\/","title":{"rendered":"PROXAN\u00ae- KV 2 G\/  KV 2 ST"},"content":{"rendered":"<p>PROXAN\u00ae- KV 2 est une masse de scellement \u00e0 deux composants \u00e0 r\u00e9action rapide pour les joints ayant une dilatation jusqu&rsquo;\u00e0 35 % de la largeur du joint. La version PROXAN\u00ae- KV 2 G est coulable et autonivelant, et convient particuli\u00e8rement pour les joints de sol horizontaux avec une pente maximale de 3 %. La version PROXAN\u00ae- KV 2 ST (stable) est une masse d&rsquo;\u00e9tanchement id\u00e9ale pour les joints verticaux, tels que ceux des plinthes et des murs. La r\u00e9sistance chimique de la masse PROXAN\u00ae KV 2 est contr\u00f4l\u00e9e et surveill\u00e9e en externe selon la norme DIN EN 14188-2. Elle est principalement utilis\u00e9e dans la construction de routes, de ponts et de tunnels.<\/p>\n<p>Homologations : DIN EN 14188-2, TL\/TP Fug-StB pour les classes de charge A-C<\/p>\n","protected":false},"excerpt":{"rendered":"<p>Masse de scellement \u00e0 deux composants \u00e0 base de polysulfure<\/p>\n[fusion_global id=\"12385\"]\n","protected":false},"featured_media":17020,"comment_status":"closed","ping_status":"closed","template":"","meta":[],"product_brand":[],"product_cat":[992,945,993,954],"product_tag":[],"class_list":{"0":"post-9625","1":"product","2":"type-product","3":"status-publish","4":"has-post-thumbnail","6":"product_cat-beton-fr","7":"product_cat-strassenbau-fr","8":"product_cat-fugenmassen-fr","9":"product_cat-verkehrsflaechen-fr","11":"first","12":"instock","13":"product-type-simple"},"_links":{"self":[{"href":"https:\/\/dga.de\/fr\/wp-json\/wp\/v2\/product\/9625","targetHints":{"allow":["GET"]}}],"collection":[{"href":"https:\/\/dga.de\/fr\/wp-json\/wp\/v2\/product"}],"about":[{"href":"https:\/\/dga.de\/fr\/wp-json\/wp\/v2\/types\/product"}],"replies":[{"embeddable":true,"href":"https:\/\/dga.de\/fr\/wp-json\/wp\/v2\/comments?post=9625"}],"wp:featuredmedia":[{"embeddable":true,"href":"https:\/\/dga.de\/fr\/wp-json\/wp\/v2\/media\/17020"}],"wp:attachment":[{"href":"https:\/\/dga.de\/fr\/wp-json\/wp\/v2\/media?parent=9625"}],"wp:term":[{"taxonomy":"product_brand","embeddable":true,"href":"https:\/\/dga.de\/fr\/wp-json\/wp\/v2\/product_brand?post=9625"},{"taxonomy":"product_cat","embeddable":true,"href":"https:\/\/dga.de\/fr\/wp-json\/wp\/v2\/product_cat?post=9625"},{"taxonomy":"product_tag","embeddable":true,"href":"https:\/\/dga.de\/fr\/wp-json\/wp\/v2\/product_tag?post=9625"}],"curies":[{"name":"wp","href":"https:\/\/api.w.org\/{rel}","templated":true}]}}