{"id":9636,"date":"2019-03-26T11:49:05","date_gmt":"2019-03-26T10:49:05","guid":{"rendered":"https:\/\/dga.de\/produkt\/proxan-kv-2-r\/"},"modified":"2021-12-10T07:30:05","modified_gmt":"2021-12-10T06:30:05","slug":"proxan-kv-2-r","status":"publish","type":"product","link":"https:\/\/dga.de\/fr\/produkt\/proxan-kv-2-r\/","title":{"rendered":"PROXAN\u00ae- KV 2 R"},"content":{"rendered":"<p>Ce produit peut \u00eatre coul\u00e9, a une viscosit\u00e9 moyenne et convient donc aux joints de sol horizontaux avec une pente maximale de 10 %. PROXAN\u00ae- KV 2 R est principalement utilis\u00e9 dans la construction de voies ferr\u00e9es, car son \u00e9lasticit\u00e9 permet une absorption optimale des diff\u00e9rents mouvements entre le rail et la fin de recouvrement. En cas de montage correct, PROXAN\u00ae- KV 2-R ferme le joint du rail et emp\u00eache ainsi la p\u00e9n\u00e9tration de l&rsquo;humidit\u00e9.<\/p>\n","protected":false},"excerpt":{"rendered":"<p>Masse de scellement \u00e0 deux composants \u00e0 base de polysulfure pour la construction des voies ferr\u00e9es<\/p>\n[fusion_global id=\"12385\"]\n","protected":false},"featured_media":9637,"comment_status":"closed","ping_status":"closed","template":"","meta":[],"product_brand":[],"product_cat":[995,994],"product_tag":[],"class_list":{"0":"post-9636","1":"product","2":"type-product","3":"status-publish","4":"has-post-thumbnail","6":"product_cat-fugenmassen-strassenbahnschienen-fr","7":"product_cat-strassenbahnschienen-fr","9":"first","10":"instock","11":"product-type-simple"},"_links":{"self":[{"href":"https:\/\/dga.de\/fr\/wp-json\/wp\/v2\/product\/9636","targetHints":{"allow":["GET"]}}],"collection":[{"href":"https:\/\/dga.de\/fr\/wp-json\/wp\/v2\/product"}],"about":[{"href":"https:\/\/dga.de\/fr\/wp-json\/wp\/v2\/types\/product"}],"replies":[{"embeddable":true,"href":"https:\/\/dga.de\/fr\/wp-json\/wp\/v2\/comments?post=9636"}],"wp:featuredmedia":[{"embeddable":true,"href":"https:\/\/dga.de\/fr\/wp-json\/wp\/v2\/media\/9637"}],"wp:attachment":[{"href":"https:\/\/dga.de\/fr\/wp-json\/wp\/v2\/media?parent=9636"}],"wp:term":[{"taxonomy":"product_brand","embeddable":true,"href":"https:\/\/dga.de\/fr\/wp-json\/wp\/v2\/product_brand?post=9636"},{"taxonomy":"product_cat","embeddable":true,"href":"https:\/\/dga.de\/fr\/wp-json\/wp\/v2\/product_cat?post=9636"},{"taxonomy":"product_tag","embeddable":true,"href":"https:\/\/dga.de\/fr\/wp-json\/wp\/v2\/product_tag?post=9636"}],"curies":[{"name":"wp","href":"https:\/\/api.w.org\/{rel}","templated":true}]}}