{"id":9638,"date":"2019-03-26T11:49:05","date_gmt":"2019-03-26T10:49:05","guid":{"rendered":"https:\/\/dga.de\/produkt\/proxan-kv-3-g-kv-3-st\/"},"modified":"2024-09-30T10:31:00","modified_gmt":"2024-09-30T08:31:00","slug":"proxan-kv-3-g-kv-3-st","status":"publish","type":"product","link":"https:\/\/dga.de\/fr\/produkt\/proxan-kv-3-g-kv-3-st\/","title":{"rendered":"PROXAN\u00ae- KV 3 G\/ KV 3 ST"},"content":{"rendered":"<p>PROXAN\u00ae- KV 3 est un produit d&rsquo;\u00e9tanch\u00e9it\u00e9 \u00e0 deux composants avec homologation g\u00e9n\u00e9rale des autorit\u00e9s de construction pour une utilisation dans les installations de stockage, de remplissage et de manipulation de substances polluantes pour l&rsquo;eau (syst\u00e8mes LAU). Il se caract\u00e9rise par une grande r\u00e9sistance aux huiles min\u00e9rales et aux produits chimiques. Le produit d&rsquo;\u00e9tanch\u00e9it\u00e9 pour joints, qui devient \u00e9lastique apr\u00e8s durcissement, peut absorber les mouvements du joint jusqu&rsquo;\u00e0 35 % de la largeur initiale du joint.<br \/>\nLa version PROXAN\u00ae- KV 3 G est coulable et autonivelant, et convient particuli\u00e8rement pour les joints de sol horizontaux avec une pente maximale de 3 %.<br \/>\nLa version PROXAN\u00ae- KV 3 ST (stable) est une masse d&rsquo;\u00e9tanchement id\u00e9ale pour les joints verticaux, tels que ceux des plinthes et des murs.<br \/>\nEn outre, le PROXAN\u00ae- KV 3 ST peut \u00eatre utilis\u00e9 comme adh\u00e9sif pour notre bande de scellement PROXAN\u00ae- FB 3.<\/p>\n<p>Homologation :\u00a0 Homologations techniques g\u00e9n\u00e9rales\u00a0Z-74.6-119, 120, 145<\/p>\n","protected":false},"excerpt":{"rendered":"<p>Produit d&rsquo;\u00e9tanch\u00e9it\u00e9 pour joints \u00e0 base de polysulfure, homologu\u00e9<\/p>\n[fusion_global id=\"12385\"]\n","protected":false},"featured_media":17752,"comment_status":"closed","ping_status":"closed","template":"","meta":[],"product_brand":[],"product_cat":[945,981,980],"product_tag":[],"class_list":{"0":"post-9638","1":"product","2":"type-product","3":"status-publish","4":"has-post-thumbnail","6":"product_cat-strassenbau-fr","7":"product_cat-fugenmassen-lau-jgs-und-landwirtschaftliche-anlagen-fr","8":"product_cat-lau-jgs-und-landwirtschaftliche-anlagen-fr","10":"first","11":"instock","12":"product-type-simple"},"_links":{"self":[{"href":"https:\/\/dga.de\/fr\/wp-json\/wp\/v2\/product\/9638","targetHints":{"allow":["GET"]}}],"collection":[{"href":"https:\/\/dga.de\/fr\/wp-json\/wp\/v2\/product"}],"about":[{"href":"https:\/\/dga.de\/fr\/wp-json\/wp\/v2\/types\/product"}],"replies":[{"embeddable":true,"href":"https:\/\/dga.de\/fr\/wp-json\/wp\/v2\/comments?post=9638"}],"wp:featuredmedia":[{"embeddable":true,"href":"https:\/\/dga.de\/fr\/wp-json\/wp\/v2\/media\/17752"}],"wp:attachment":[{"href":"https:\/\/dga.de\/fr\/wp-json\/wp\/v2\/media?parent=9638"}],"wp:term":[{"taxonomy":"product_brand","embeddable":true,"href":"https:\/\/dga.de\/fr\/wp-json\/wp\/v2\/product_brand?post=9638"},{"taxonomy":"product_cat","embeddable":true,"href":"https:\/\/dga.de\/fr\/wp-json\/wp\/v2\/product_cat?post=9638"},{"taxonomy":"product_tag","embeddable":true,"href":"https:\/\/dga.de\/fr\/wp-json\/wp\/v2\/product_tag?post=9638"}],"curies":[{"name":"wp","href":"https:\/\/api.w.org\/{rel}","templated":true}]}}