{"id":9649,"date":"2019-03-26T11:49:05","date_gmt":"2019-03-26T10:49:05","guid":{"rendered":"https:\/\/dga.de\/produkt\/proxan-cp-a\/"},"modified":"2021-12-10T07:34:22","modified_gmt":"2021-12-10T06:34:22","slug":"proxan-cp-a","status":"publish","type":"product","link":"https:\/\/dga.de\/fr\/produkt\/proxan-cp-a\/","title":{"rendered":"PROXAN\u00ae- CP-A"},"content":{"rendered":"<p>PROXAN\u00ae- CP-A est un agent adh\u00e9rent \u00e0 deux composants pour les produits d&rsquo;\u00e9tanch\u00e9it\u00e9\/masses de scellement en polysulfure sur les supports d\u00e9licats ou pour les conditions d&rsquo;utilisation sp\u00e9ciales. Il peut donc \u00eatre utilis\u00e9 sur les supports aspirants ou non aspirants, et offre d&rsquo;excellentes propri\u00e9t\u00e9s d&rsquo;adh\u00e9rence sur l&rsquo;enrob\u00e9 fra\u00eechement d\u00e9coup\u00e9 et sur diff\u00e9rents m\u00e9taux (aciers VA, laiton, aluminium). Il r\u00e9siste en outre aux charges thermiques et chimiques.<\/p>\n","protected":false},"excerpt":{"rendered":"<p>Agent adh\u00e9rent \u00e0 deux composants pour les produits d&rsquo;\u00e9tanch\u00e9it\u00e9\/masses de scellement en polysulfure sur les supports sp\u00e9ciaux<\/p>\n[fusion_global id=\"12385\"]\n","protected":false},"featured_media":9650,"comment_status":"closed","ping_status":"closed","template":"","meta":[],"product_brand":[],"product_cat":[945,946,947],"product_tag":[],"class_list":{"0":"post-9649","1":"product","2":"type-product","3":"status-publish","4":"has-post-thumbnail","6":"product_cat-strassenbau-fr","7":"product_cat-fugenmassen-strassenbau-2-fr","8":"product_cat-systemprodukte-fugenmassen-strassenbau-2-fr","10":"first","11":"instock","12":"product-type-simple"},"_links":{"self":[{"href":"https:\/\/dga.de\/fr\/wp-json\/wp\/v2\/product\/9649","targetHints":{"allow":["GET"]}}],"collection":[{"href":"https:\/\/dga.de\/fr\/wp-json\/wp\/v2\/product"}],"about":[{"href":"https:\/\/dga.de\/fr\/wp-json\/wp\/v2\/types\/product"}],"replies":[{"embeddable":true,"href":"https:\/\/dga.de\/fr\/wp-json\/wp\/v2\/comments?post=9649"}],"wp:featuredmedia":[{"embeddable":true,"href":"https:\/\/dga.de\/fr\/wp-json\/wp\/v2\/media\/9650"}],"wp:attachment":[{"href":"https:\/\/dga.de\/fr\/wp-json\/wp\/v2\/media?parent=9649"}],"wp:term":[{"taxonomy":"product_brand","embeddable":true,"href":"https:\/\/dga.de\/fr\/wp-json\/wp\/v2\/product_brand?post=9649"},{"taxonomy":"product_cat","embeddable":true,"href":"https:\/\/dga.de\/fr\/wp-json\/wp\/v2\/product_cat?post=9649"},{"taxonomy":"product_tag","embeddable":true,"href":"https:\/\/dga.de\/fr\/wp-json\/wp\/v2\/product_tag?post=9649"}],"curies":[{"name":"wp","href":"https:\/\/api.w.org\/{rel}","templated":true}]}}