{"id":9651,"date":"2019-03-26T11:49:05","date_gmt":"2019-03-26T10:49:05","guid":{"rendered":"https:\/\/dga.de\/produkt\/proxan-cp-g\/"},"modified":"2021-12-10T07:36:05","modified_gmt":"2021-12-10T06:36:05","slug":"proxan-cp-g","status":"publish","type":"product","link":"https:\/\/dga.de\/fr\/produkt\/proxan-cp-g\/","title":{"rendered":"PROXAN\u00ae- CP-G"},"content":{"rendered":"<p>Notre agent adh\u00e9rent liquide, fin et clair PROXAN\u00ae- CP-G est utilis\u00e9 pour les supports non aspirants. Qu&rsquo;il s&rsquo;agisse de clinker fendu, de c\u00e9ramique \u00e9maill\u00e9e, de plastiques (PVC, polyester, r\u00e9sine de m\u00e9lamine), de m\u00e9taux (aluminium, acier, cuivre, zinc) ou de verre, PROXAN\u00ae- CP-G am\u00e9liore consid\u00e9rablement l&rsquo;adh\u00e9rence du produit d&rsquo;\u00e9tanch\u00e9it\u00e9.<\/p>\n","protected":false},"excerpt":{"rendered":"<p>Agent adh\u00e9rent liquide fin pour les produits d&rsquo;\u00e9tanch\u00e9it\u00e9 en polysulfure sur les supports non absorbants<\/p>\n[fusion_global id=\"12385\"]\n","protected":false},"featured_media":9652,"comment_status":"closed","ping_status":"closed","template":"","meta":[],"product_brand":[],"product_cat":[945,946,947],"product_tag":[],"class_list":{"0":"post-9651","1":"product","2":"type-product","3":"status-publish","4":"has-post-thumbnail","6":"product_cat-strassenbau-fr","7":"product_cat-fugenmassen-strassenbau-2-fr","8":"product_cat-systemprodukte-fugenmassen-strassenbau-2-fr","10":"first","11":"instock","12":"product-type-simple"},"_links":{"self":[{"href":"https:\/\/dga.de\/fr\/wp-json\/wp\/v2\/product\/9651","targetHints":{"allow":["GET"]}}],"collection":[{"href":"https:\/\/dga.de\/fr\/wp-json\/wp\/v2\/product"}],"about":[{"href":"https:\/\/dga.de\/fr\/wp-json\/wp\/v2\/types\/product"}],"replies":[{"embeddable":true,"href":"https:\/\/dga.de\/fr\/wp-json\/wp\/v2\/comments?post=9651"}],"wp:featuredmedia":[{"embeddable":true,"href":"https:\/\/dga.de\/fr\/wp-json\/wp\/v2\/media\/9652"}],"wp:attachment":[{"href":"https:\/\/dga.de\/fr\/wp-json\/wp\/v2\/media?parent=9651"}],"wp:term":[{"taxonomy":"product_brand","embeddable":true,"href":"https:\/\/dga.de\/fr\/wp-json\/wp\/v2\/product_brand?post=9651"},{"taxonomy":"product_cat","embeddable":true,"href":"https:\/\/dga.de\/fr\/wp-json\/wp\/v2\/product_cat?post=9651"},{"taxonomy":"product_tag","embeddable":true,"href":"https:\/\/dga.de\/fr\/wp-json\/wp\/v2\/product_tag?post=9651"}],"curies":[{"name":"wp","href":"https:\/\/api.w.org\/{rel}","templated":true}]}}