{"id":9653,"date":"2019-03-26T11:49:05","date_gmt":"2019-03-26T10:49:05","guid":{"rendered":"https:\/\/dga.de\/produkt\/proxan-cp-p\/"},"modified":"2021-12-10T07:50:28","modified_gmt":"2021-12-10T06:50:28","slug":"proxan-cp-p","status":"publish","type":"product","link":"https:\/\/dga.de\/fr\/produkt\/proxan-cp-p\/","title":{"rendered":"PROXAN\u00ae- CP-P"},"content":{"rendered":"<p>PROXAN\u00ae- CP-P est un agent adh\u00e9rent \u00e0 deux composants pour les produits d&rsquo;\u00e9tanch\u00e9it\u00e9 en polysulfure. Sur les supports poreux et aspirants, tels que le b\u00e9ton, la ma\u00e7onnerie et le bois, PROXAN\u00ae- CP-P se pose comme un film et agit comme une surface homog\u00e8ne et suffisamment conductrice pour le produit d&rsquo;\u00e9tanch\u00e9it\u00e9.<\/p>\n","protected":false},"excerpt":{"rendered":"<p>Agent adh\u00e9rent \u00e0 deux composants pour les produits d&rsquo;\u00e9tanch\u00e9it\u00e9 en polysulfure sur les supports absorbants<\/p>\n[fusion_global id=\"12385\"]\n","protected":false},"featured_media":9654,"comment_status":"closed","ping_status":"closed","template":"","meta":[],"product_brand":[],"product_cat":[945,946,947],"product_tag":[],"class_list":{"0":"post-9653","1":"product","2":"type-product","3":"status-publish","4":"has-post-thumbnail","6":"product_cat-strassenbau-fr","7":"product_cat-fugenmassen-strassenbau-2-fr","8":"product_cat-systemprodukte-fugenmassen-strassenbau-2-fr","10":"first","11":"instock","12":"product-type-simple"},"_links":{"self":[{"href":"https:\/\/dga.de\/fr\/wp-json\/wp\/v2\/product\/9653","targetHints":{"allow":["GET"]}}],"collection":[{"href":"https:\/\/dga.de\/fr\/wp-json\/wp\/v2\/product"}],"about":[{"href":"https:\/\/dga.de\/fr\/wp-json\/wp\/v2\/types\/product"}],"replies":[{"embeddable":true,"href":"https:\/\/dga.de\/fr\/wp-json\/wp\/v2\/comments?post=9653"}],"wp:featuredmedia":[{"embeddable":true,"href":"https:\/\/dga.de\/fr\/wp-json\/wp\/v2\/media\/9654"}],"wp:attachment":[{"href":"https:\/\/dga.de\/fr\/wp-json\/wp\/v2\/media?parent=9653"}],"wp:term":[{"taxonomy":"product_brand","embeddable":true,"href":"https:\/\/dga.de\/fr\/wp-json\/wp\/v2\/product_brand?post=9653"},{"taxonomy":"product_cat","embeddable":true,"href":"https:\/\/dga.de\/fr\/wp-json\/wp\/v2\/product_cat?post=9653"},{"taxonomy":"product_tag","embeddable":true,"href":"https:\/\/dga.de\/fr\/wp-json\/wp\/v2\/product_tag?post=9653"}],"curies":[{"name":"wp","href":"https:\/\/api.w.org\/{rel}","templated":true}]}}