{"id":9655,"date":"2019-03-26T11:49:05","date_gmt":"2019-03-26T10:49:05","guid":{"rendered":"https:\/\/dga.de\/produkt\/proxan-cp-s\/"},"modified":"2024-04-15T14:37:42","modified_gmt":"2024-04-15T12:37:42","slug":"proxan-cp-s","status":"publish","type":"product","link":"https:\/\/dga.de\/fr\/produkt\/proxan-cp-s\/","title":{"rendered":"PROXAN\u00ae- CP-S"},"content":{"rendered":"<p>Notre agent adh\u00e9rent \u00e0 deux composants PROXAN\u00ae- CP-S se pose particuli\u00e8rement vite en raison de sa faible viscosit\u00e9 qui permet de le pulv\u00e9riser. Il convient en particulier au pr\u00e9traitement des surfaces poreuses et aspirantes telles que le b\u00e9ton, la ma\u00e7onnerie et le bois, auxquelles il apporte une pr\u00e9paration optimale pour l&rsquo;application du produit d&rsquo;\u00e9tanch\u00e9it\u00e9.<\/p>\n","protected":false},"excerpt":{"rendered":"<p>Agent adh\u00e9rent pulv\u00e9risable \u00e0 deux composants pour les produits d&rsquo;\u00e9tanch\u00e9it\u00e9 en polysulfure sur les supports absorbants<\/p>\n[fusion_global id=\"12385\"]\n","protected":false},"featured_media":9656,"comment_status":"closed","ping_status":"closed","template":"","meta":[],"product_brand":[],"product_cat":[945,946,947],"product_tag":[],"class_list":{"0":"post-9655","1":"product","2":"type-product","3":"status-publish","4":"has-post-thumbnail","6":"product_cat-strassenbau-fr","7":"product_cat-fugenmassen-strassenbau-2-fr","8":"product_cat-systemprodukte-fugenmassen-strassenbau-2-fr","10":"first","11":"instock","12":"product-type-simple"},"_links":{"self":[{"href":"https:\/\/dga.de\/fr\/wp-json\/wp\/v2\/product\/9655","targetHints":{"allow":["GET"]}}],"collection":[{"href":"https:\/\/dga.de\/fr\/wp-json\/wp\/v2\/product"}],"about":[{"href":"https:\/\/dga.de\/fr\/wp-json\/wp\/v2\/types\/product"}],"replies":[{"embeddable":true,"href":"https:\/\/dga.de\/fr\/wp-json\/wp\/v2\/comments?post=9655"}],"wp:featuredmedia":[{"embeddable":true,"href":"https:\/\/dga.de\/fr\/wp-json\/wp\/v2\/media\/9656"}],"wp:attachment":[{"href":"https:\/\/dga.de\/fr\/wp-json\/wp\/v2\/media?parent=9655"}],"wp:term":[{"taxonomy":"product_brand","embeddable":true,"href":"https:\/\/dga.de\/fr\/wp-json\/wp\/v2\/product_brand?post=9655"},{"taxonomy":"product_cat","embeddable":true,"href":"https:\/\/dga.de\/fr\/wp-json\/wp\/v2\/product_cat?post=9655"},{"taxonomy":"product_tag","embeddable":true,"href":"https:\/\/dga.de\/fr\/wp-json\/wp\/v2\/product_tag?post=9655"}],"curies":[{"name":"wp","href":"https:\/\/api.w.org\/{rel}","templated":true}]}}