{"id":9658,"date":"2019-03-26T11:49:05","date_gmt":"2019-03-26T10:49:05","guid":{"rendered":"https:\/\/dga.de\/produkt\/pr-s\/"},"modified":"2024-04-30T16:02:43","modified_gmt":"2024-04-30T14:02:43","slug":"pr-s","status":"publish","type":"product","link":"https:\/\/dga.de\/fr\/produkt\/pr-s\/","title":{"rendered":"PROXAN\u00ae- PR-S"},"content":{"rendered":"<p>PROXAN\u00ae- PR-S est un nettoyant sp\u00e9cial pulv\u00e9risable utilis\u00e9 pour nettoyer les outils m\u00e9talliques contamin\u00e9s par des r\u00e9sidus de produits d&rsquo;\u00e9tanch\u00e9it\u00e9 non durcis. Il convient \u00e9galement pour le nettoyage et le d\u00e9graissage des joints.<\/p>\n","protected":false},"excerpt":{"rendered":"<p>Nettoyant sp\u00e9cial pulv\u00e9risable<\/p>\n[fusion_global id=\"12385\"]\n","protected":false},"featured_media":9659,"comment_status":"closed","ping_status":"closed","template":"","meta":[],"product_brand":[],"product_cat":[945,964,948],"product_tag":[],"class_list":{"0":"post-9658","1":"product","2":"type-product","3":"status-publish","4":"has-post-thumbnail","6":"product_cat-strassenbau-fr","7":"product_cat-reinigungsmittel-fr","8":"product_cat-zusatzprodukte-fr","10":"first","11":"instock","12":"product-type-simple"},"_links":{"self":[{"href":"https:\/\/dga.de\/fr\/wp-json\/wp\/v2\/product\/9658","targetHints":{"allow":["GET"]}}],"collection":[{"href":"https:\/\/dga.de\/fr\/wp-json\/wp\/v2\/product"}],"about":[{"href":"https:\/\/dga.de\/fr\/wp-json\/wp\/v2\/types\/product"}],"replies":[{"embeddable":true,"href":"https:\/\/dga.de\/fr\/wp-json\/wp\/v2\/comments?post=9658"}],"wp:featuredmedia":[{"embeddable":true,"href":"https:\/\/dga.de\/fr\/wp-json\/wp\/v2\/media\/9659"}],"wp:attachment":[{"href":"https:\/\/dga.de\/fr\/wp-json\/wp\/v2\/media?parent=9658"}],"wp:term":[{"taxonomy":"product_brand","embeddable":true,"href":"https:\/\/dga.de\/fr\/wp-json\/wp\/v2\/product_brand?post=9658"},{"taxonomy":"product_cat","embeddable":true,"href":"https:\/\/dga.de\/fr\/wp-json\/wp\/v2\/product_cat?post=9658"},{"taxonomy":"product_tag","embeddable":true,"href":"https:\/\/dga.de\/fr\/wp-json\/wp\/v2\/product_tag?post=9658"}],"curies":[{"name":"wp","href":"https:\/\/api.w.org\/{rel}","templated":true}]}}