{"id":9660,"date":"2019-03-26T11:49:05","date_gmt":"2019-03-26T10:49:05","guid":{"rendered":"https:\/\/dga.de\/produkt\/pr-4\/"},"modified":"2021-12-10T07:55:39","modified_gmt":"2021-12-10T06:55:39","slug":"pr-4","status":"publish","type":"product","link":"https:\/\/dga.de\/fr\/produkt\/pr-4\/","title":{"rendered":"PROXAN\u00ae- PR 4"},"content":{"rendered":"<p>PROXAN\u00ae- PR 4 est un nettoyant sp\u00e9cial utilis\u00e9 pour nettoyer les outils m\u00e9talliques contamin\u00e9s par des r\u00e9sidus de produits d&rsquo;\u00e9tanch\u00e9it\u00e9 non durcis. Il convient \u00e9galement pour le nettoyage et le d\u00e9graissage des joints.<\/p>\n","protected":false},"excerpt":{"rendered":"<p>Nettoyant sp\u00e9cial<\/p>\n[fusion_global id=\"12385\"]\n","protected":false},"featured_media":9661,"comment_status":"closed","ping_status":"closed","template":"","meta":[],"product_brand":[],"product_cat":[945,964,948],"product_tag":[],"class_list":{"0":"post-9660","1":"product","2":"type-product","3":"status-publish","4":"has-post-thumbnail","6":"product_cat-strassenbau-fr","7":"product_cat-reinigungsmittel-fr","8":"product_cat-zusatzprodukte-fr","10":"first","11":"instock","12":"product-type-simple"},"_links":{"self":[{"href":"https:\/\/dga.de\/fr\/wp-json\/wp\/v2\/product\/9660","targetHints":{"allow":["GET"]}}],"collection":[{"href":"https:\/\/dga.de\/fr\/wp-json\/wp\/v2\/product"}],"about":[{"href":"https:\/\/dga.de\/fr\/wp-json\/wp\/v2\/types\/product"}],"replies":[{"embeddable":true,"href":"https:\/\/dga.de\/fr\/wp-json\/wp\/v2\/comments?post=9660"}],"wp:featuredmedia":[{"embeddable":true,"href":"https:\/\/dga.de\/fr\/wp-json\/wp\/v2\/media\/9661"}],"wp:attachment":[{"href":"https:\/\/dga.de\/fr\/wp-json\/wp\/v2\/media?parent=9660"}],"wp:term":[{"taxonomy":"product_brand","embeddable":true,"href":"https:\/\/dga.de\/fr\/wp-json\/wp\/v2\/product_brand?post=9660"},{"taxonomy":"product_cat","embeddable":true,"href":"https:\/\/dga.de\/fr\/wp-json\/wp\/v2\/product_cat?post=9660"},{"taxonomy":"product_tag","embeddable":true,"href":"https:\/\/dga.de\/fr\/wp-json\/wp\/v2\/product_tag?post=9660"}],"curies":[{"name":"wp","href":"https:\/\/api.w.org\/{rel}","templated":true}]}}