{"id":9663,"date":"2019-03-26T11:49:05","date_gmt":"2019-03-26T10:49:05","guid":{"rendered":"https:\/\/dga.de\/produkt\/biguma-band\/"},"modified":"2024-06-10T14:56:34","modified_gmt":"2024-06-10T12:56:34","slug":"biguma-band","status":"publish","type":"product","link":"https:\/\/dga.de\/fr\/produkt\/biguma-band\/","title":{"rendered":"BIGUMA\u00ae- Band"},"content":{"rendered":"<p>BIGUMA\u00ae- Band est un profil\u00e9 en bande rectangulaire pr\u00e9form\u00e9 et thermoplastique \u00e0 base de bitume modifi\u00e9 par des polym\u00e8res. Il est parfaitement adapt\u00e9 \u00e0 l&rsquo;\u00e9tanch\u00e9ification des joints dans la construction de routes en enrob\u00e9, qu&rsquo;il s&rsquo;agisse de nouvelles constructions, de travaux d&rsquo;entretien ou d&rsquo;excavations. BIGUMA\u00ae- Band permet \u00e9galement de relier des bandes de pavage ayant des propri\u00e9t\u00e9s de m\u00e9lange diff\u00e9rentes, aux chauss\u00e9es et au b\u00e9ton.<\/p>\n<p>Homologations : TL Fug &#8211; StB<\/p>\n","protected":false},"excerpt":{"rendered":"<p>Bande de scellement bitumeuse fusible, modifi\u00e9e par des polym\u00e8res<\/p>\n[fusion_global id=\"12385\"]\n","protected":false},"featured_media":9665,"comment_status":"closed","ping_status":"closed","template":"","meta":[],"product_brand":[],"product_cat":[996,945,955,954],"product_tag":[],"class_list":{"0":"post-9663","1":"product","2":"type-product","3":"status-publish","4":"has-post-thumbnail","6":"product_cat-baender-fr","7":"product_cat-strassenbau-fr","8":"product_cat-asphalt-fr","9":"product_cat-verkehrsflaechen-fr","11":"first","12":"instock","13":"product-type-simple"},"_links":{"self":[{"href":"https:\/\/dga.de\/fr\/wp-json\/wp\/v2\/product\/9663","targetHints":{"allow":["GET"]}}],"collection":[{"href":"https:\/\/dga.de\/fr\/wp-json\/wp\/v2\/product"}],"about":[{"href":"https:\/\/dga.de\/fr\/wp-json\/wp\/v2\/types\/product"}],"replies":[{"embeddable":true,"href":"https:\/\/dga.de\/fr\/wp-json\/wp\/v2\/comments?post=9663"}],"wp:featuredmedia":[{"embeddable":true,"href":"https:\/\/dga.de\/fr\/wp-json\/wp\/v2\/media\/9665"}],"wp:attachment":[{"href":"https:\/\/dga.de\/fr\/wp-json\/wp\/v2\/media?parent=9663"}],"wp:term":[{"taxonomy":"product_brand","embeddable":true,"href":"https:\/\/dga.de\/fr\/wp-json\/wp\/v2\/product_brand?post=9663"},{"taxonomy":"product_cat","embeddable":true,"href":"https:\/\/dga.de\/fr\/wp-json\/wp\/v2\/product_cat?post=9663"},{"taxonomy":"product_tag","embeddable":true,"href":"https:\/\/dga.de\/fr\/wp-json\/wp\/v2\/product_tag?post=9663"}],"curies":[{"name":"wp","href":"https:\/\/api.w.org\/{rel}","templated":true}]}}