{"id":9666,"date":"2019-03-26T11:49:05","date_gmt":"2019-03-26T10:49:05","guid":{"rendered":"https:\/\/dga.de\/produkt\/hakenband\/"},"modified":"2022-04-20T09:10:18","modified_gmt":"2022-04-20T07:10:18","slug":"hakenband","status":"publish","type":"product","link":"https:\/\/dga.de\/fr\/produkt\/hakenband\/","title":{"rendered":"BIGUMA\u00ae- Hakenband"},"content":{"rendered":"<p>BIGUMA\u00ae- Hakenband est une bande pour joints fusible dot\u00e9e d&rsquo;une conception innovante en section transversale. La forme sp\u00e9ciale du bord sup\u00e9rieur du profil\u00e9 permet un positionnement pr\u00e9cis et rend l&rsquo;installation particuli\u00e8rement facile. BIGUMA\u00ae- Hakenband est utilis\u00e9 pour l&rsquo;\u00e9tanch\u00e9ification des joints dans la construction de routes en enrob\u00e9, qu&rsquo;il s&rsquo;agisse de nouvelles constructions, de travaux d&rsquo;entretien ou d&rsquo;excavations.<\/p>\n<p>Homologation : TL Fug &#8211; StB<\/p>\n","protected":false},"excerpt":{"rendered":"<p>Bande de scellement bitumeuse fusible avec section transversale innovante<\/p>\n[fusion_global id=\"12385\"]\n","protected":false},"featured_media":9667,"comment_status":"closed","ping_status":"closed","template":"","meta":[],"product_brand":[],"product_cat":[996,945,955,954],"product_tag":[],"class_list":{"0":"post-9666","1":"product","2":"type-product","3":"status-publish","4":"has-post-thumbnail","6":"product_cat-baender-fr","7":"product_cat-strassenbau-fr","8":"product_cat-asphalt-fr","9":"product_cat-verkehrsflaechen-fr","11":"first","12":"instock","13":"product-type-simple"},"_links":{"self":[{"href":"https:\/\/dga.de\/fr\/wp-json\/wp\/v2\/product\/9666","targetHints":{"allow":["GET"]}}],"collection":[{"href":"https:\/\/dga.de\/fr\/wp-json\/wp\/v2\/product"}],"about":[{"href":"https:\/\/dga.de\/fr\/wp-json\/wp\/v2\/types\/product"}],"replies":[{"embeddable":true,"href":"https:\/\/dga.de\/fr\/wp-json\/wp\/v2\/comments?post=9666"}],"wp:featuredmedia":[{"embeddable":true,"href":"https:\/\/dga.de\/fr\/wp-json\/wp\/v2\/media\/9667"}],"wp:attachment":[{"href":"https:\/\/dga.de\/fr\/wp-json\/wp\/v2\/media?parent=9666"}],"wp:term":[{"taxonomy":"product_brand","embeddable":true,"href":"https:\/\/dga.de\/fr\/wp-json\/wp\/v2\/product_brand?post=9666"},{"taxonomy":"product_cat","embeddable":true,"href":"https:\/\/dga.de\/fr\/wp-json\/wp\/v2\/product_cat?post=9666"},{"taxonomy":"product_tag","embeddable":true,"href":"https:\/\/dga.de\/fr\/wp-json\/wp\/v2\/product_tag?post=9666"}],"curies":[{"name":"wp","href":"https:\/\/api.w.org\/{rel}","templated":true}]}}