{"id":9668,"date":"2019-03-26T11:49:05","date_gmt":"2019-03-26T10:49:05","guid":{"rendered":"https:\/\/dga.de\/produkt\/biguma-band-plus\/"},"modified":"2024-08-19T16:21:05","modified_gmt":"2024-08-19T14:21:05","slug":"biguma-band-plus","status":"publish","type":"product","link":"https:\/\/dga.de\/fr\/produkt\/biguma-band-plus\/","title":{"rendered":"BIGUMA\u00ae- Band Plus"},"content":{"rendered":"<p>BIGUMA\u00ae- BAND Plus est un profil\u00e9 en bande rectangulaire pr\u00e9form\u00e9 et thermoplastique \u00e0 base de bitume et de charges modifi\u00e9 par des polym\u00e8res. Gr\u00e2ce \u00e0 l&rsquo;outil d&rsquo;aide au montage sp\u00e9cial, il peut \u00eatre appliqu\u00e9 sans chauffage pr\u00e9alable et est particuli\u00e8rement rapide et facile \u00e0 poser. BIGUMA\u00ae- Band Plus est utilis\u00e9 pour l&rsquo;\u00e9tanch\u00e9ification des joints dans la construction des routes en enrob\u00e9. Sa grande absorption de mouvements permet \u00e9galement de relier des joints entre des bandes de chauss\u00e9e ayant des propri\u00e9t\u00e9s de m\u00e9lange diff\u00e9rentes.<\/p>\n<p>Homologation : TL Fug &#8211; StB<\/p>\n","protected":false},"excerpt":{"rendered":"<p>Bande de scellement bitumeuse modifi\u00e9e par des polym\u00e8res, avec guide de montage<\/p>\n[fusion_global id=\"12385\"]\n","protected":false},"featured_media":9670,"comment_status":"closed","ping_status":"closed","template":"","meta":[],"product_brand":[],"product_cat":[996,945,955,954],"product_tag":[],"class_list":{"0":"post-9668","1":"product","2":"type-product","3":"status-publish","4":"has-post-thumbnail","6":"product_cat-baender-fr","7":"product_cat-strassenbau-fr","8":"product_cat-asphalt-fr","9":"product_cat-verkehrsflaechen-fr","11":"first","12":"instock","13":"product-type-simple"},"_links":{"self":[{"href":"https:\/\/dga.de\/fr\/wp-json\/wp\/v2\/product\/9668","targetHints":{"allow":["GET"]}}],"collection":[{"href":"https:\/\/dga.de\/fr\/wp-json\/wp\/v2\/product"}],"about":[{"href":"https:\/\/dga.de\/fr\/wp-json\/wp\/v2\/types\/product"}],"replies":[{"embeddable":true,"href":"https:\/\/dga.de\/fr\/wp-json\/wp\/v2\/comments?post=9668"}],"wp:featuredmedia":[{"embeddable":true,"href":"https:\/\/dga.de\/fr\/wp-json\/wp\/v2\/media\/9670"}],"wp:attachment":[{"href":"https:\/\/dga.de\/fr\/wp-json\/wp\/v2\/media?parent=9668"}],"wp:term":[{"taxonomy":"product_brand","embeddable":true,"href":"https:\/\/dga.de\/fr\/wp-json\/wp\/v2\/product_brand?post=9668"},{"taxonomy":"product_cat","embeddable":true,"href":"https:\/\/dga.de\/fr\/wp-json\/wp\/v2\/product_cat?post=9668"},{"taxonomy":"product_tag","embeddable":true,"href":"https:\/\/dga.de\/fr\/wp-json\/wp\/v2\/product_tag?post=9668"}],"curies":[{"name":"wp","href":"https:\/\/api.w.org\/{rel}","templated":true}]}}