{"id":9671,"date":"2019-03-26T11:49:05","date_gmt":"2019-03-26T10:49:05","guid":{"rendered":"https:\/\/dga.de\/produkt\/biguma-dreieck-band\/"},"modified":"2021-12-10T08:06:27","modified_gmt":"2021-12-10T07:06:27","slug":"biguma-dreieck-band","status":"publish","type":"product","link":"https:\/\/dga.de\/fr\/produkt\/biguma-dreieck-band\/","title":{"rendered":"BIGUMA\u00ae- Dreieck Band"},"content":{"rendered":"<p>BIGUMA\u00ae- Dreieck Band est une bande pour joints en bitume charg\u00e9e, modifi\u00e9e par un \u00e9lastom\u00e8re et renforc\u00e9e par des fibres, en forme de triangle isoc\u00e8le. Elle est utilis\u00e9e, par exemple, lorsqu&rsquo;une gorge doit \u00eatre form\u00e9e pour les travaux ult\u00e9rieurs. Gr\u00e2ce aux propri\u00e9t\u00e9s sp\u00e9ciales de ses mat\u00e9riaux, BIGUMA\u00ae- Dreieck Band s&rsquo;adapte parfaitement aux surfaces irr\u00e9guli\u00e8res ainsi qu&rsquo;aux surfaces courbes et permet une liaison sur toute la surface du support.<\/p>\n","protected":false},"excerpt":{"rendered":"<p>Bande de scellement bitumeuse fusible triangulaire, modifi\u00e9e par des polym\u00e8res<\/p>\n[fusion_global id=\"12385\"]\n","protected":false},"featured_media":9672,"comment_status":"closed","ping_status":"closed","template":"","meta":[],"product_brand":[],"product_cat":[996,945,955,954],"product_tag":[],"class_list":{"0":"post-9671","1":"product","2":"type-product","3":"status-publish","4":"has-post-thumbnail","6":"product_cat-baender-fr","7":"product_cat-strassenbau-fr","8":"product_cat-asphalt-fr","9":"product_cat-verkehrsflaechen-fr","11":"first","12":"instock","13":"product-type-simple"},"_links":{"self":[{"href":"https:\/\/dga.de\/fr\/wp-json\/wp\/v2\/product\/9671","targetHints":{"allow":["GET"]}}],"collection":[{"href":"https:\/\/dga.de\/fr\/wp-json\/wp\/v2\/product"}],"about":[{"href":"https:\/\/dga.de\/fr\/wp-json\/wp\/v2\/types\/product"}],"replies":[{"embeddable":true,"href":"https:\/\/dga.de\/fr\/wp-json\/wp\/v2\/comments?post=9671"}],"wp:featuredmedia":[{"embeddable":true,"href":"https:\/\/dga.de\/fr\/wp-json\/wp\/v2\/media\/9672"}],"wp:attachment":[{"href":"https:\/\/dga.de\/fr\/wp-json\/wp\/v2\/media?parent=9671"}],"wp:term":[{"taxonomy":"product_brand","embeddable":true,"href":"https:\/\/dga.de\/fr\/wp-json\/wp\/v2\/product_brand?post=9671"},{"taxonomy":"product_cat","embeddable":true,"href":"https:\/\/dga.de\/fr\/wp-json\/wp\/v2\/product_cat?post=9671"},{"taxonomy":"product_tag","embeddable":true,"href":"https:\/\/dga.de\/fr\/wp-json\/wp\/v2\/product_tag?post=9671"}],"curies":[{"name":"wp","href":"https:\/\/api.w.org\/{rel}","templated":true}]}}