{"id":9681,"date":"2019-03-26T11:49:05","date_gmt":"2019-03-26T10:49:05","guid":{"rendered":"https:\/\/dga.de\/produkt\/colzumix-vfb\/"},"modified":"2021-12-10T08:20:13","modified_gmt":"2021-12-10T07:20:13","slug":"colzumix-vfb","status":"publish","type":"product","link":"https:\/\/dga.de\/fr\/produkt\/colzumix-vfb\/","title":{"rendered":"COLZUMIX\u00ae- VFB"},"content":{"rendered":"<p>COLZUMIX\u00ae- VFB est un primaire bitumeux pour les bandes de scellement fusibles et bitumeus BIGUMA\u00ae- Band. Ce primaire est pr\u00eat \u00e0 l&rsquo;application, et donc rapide et facile \u00e0 appliquer.<\/p>\n<p>Homologation : DIN EN 14188-4<\/p>\n","protected":false},"excerpt":{"rendered":"<p>Sous-couche \u00e0 solvants pour les bandes de scellement bitumineuses<\/p>\n[fusion_global id=\"12385\"]\n","protected":false},"featured_media":9682,"comment_status":"closed","ping_status":"closed","template":"","meta":[],"product_brand":[],"product_cat":[996,945,955,998,954],"product_tag":[],"class_list":{"0":"post-9681","1":"product","2":"type-product","3":"status-publish","4":"has-post-thumbnail","6":"product_cat-baender-fr","7":"product_cat-strassenbau-fr","8":"product_cat-asphalt-fr","9":"product_cat-systemprodukte-baender-fr","10":"product_cat-verkehrsflaechen-fr","12":"first","13":"instock","14":"product-type-simple"},"_links":{"self":[{"href":"https:\/\/dga.de\/fr\/wp-json\/wp\/v2\/product\/9681","targetHints":{"allow":["GET"]}}],"collection":[{"href":"https:\/\/dga.de\/fr\/wp-json\/wp\/v2\/product"}],"about":[{"href":"https:\/\/dga.de\/fr\/wp-json\/wp\/v2\/types\/product"}],"replies":[{"embeddable":true,"href":"https:\/\/dga.de\/fr\/wp-json\/wp\/v2\/comments?post=9681"}],"wp:featuredmedia":[{"embeddable":true,"href":"https:\/\/dga.de\/fr\/wp-json\/wp\/v2\/media\/9682"}],"wp:attachment":[{"href":"https:\/\/dga.de\/fr\/wp-json\/wp\/v2\/media?parent=9681"}],"wp:term":[{"taxonomy":"product_brand","embeddable":true,"href":"https:\/\/dga.de\/fr\/wp-json\/wp\/v2\/product_brand?post=9681"},{"taxonomy":"product_cat","embeddable":true,"href":"https:\/\/dga.de\/fr\/wp-json\/wp\/v2\/product_cat?post=9681"},{"taxonomy":"product_tag","embeddable":true,"href":"https:\/\/dga.de\/fr\/wp-json\/wp\/v2\/product_tag?post=9681"}],"curies":[{"name":"wp","href":"https:\/\/api.w.org\/{rel}","templated":true}]}}