{"id":9684,"date":"2019-03-26T11:49:05","date_gmt":"2019-03-26T10:49:05","guid":{"rendered":"https:\/\/dga.de\/produkt\/biguma-naht\/"},"modified":"2022-04-19T14:18:30","modified_gmt":"2022-04-19T12:18:30","slug":"biguma-naht","status":"publish","type":"product","link":"https:\/\/dga.de\/fr\/produkt\/biguma-naht\/","title":{"rendered":"BIGUMA\u00ae- Naht"},"content":{"rendered":"<p>BIGUMA\u00ae- Naht est un bitume chaud modifi\u00e9 par des polym\u00e8res et dot\u00e9 d&rsquo;additifs. Il est destin\u00e9 \u00e0 la r\u00e9alisation de joints durables lors de la pose de chauss\u00e9es en m\u00e9lange d&rsquo;enrob\u00e9 \u00ab chaud \u00e0 froid \u00bb. Cette colle pour joints convient aussi parfaitement pour la r\u00e9alisation des joints transversaux pendant les interruptions de travail.<br \/>\nBIGUMA\u00ae- Naht est utilisable sans sous-couche et dispose d&rsquo;une excellente force d&rsquo;adh\u00e9sion, et conf\u00e8re aux joints une haute r\u00e9sistance au vieillissement.<\/p>\n","protected":false},"excerpt":{"rendered":"<p>Colle pour joints applicable \u00e0 chaud, \u00e0 base de bitume modifi\u00e9 par des polym\u00e8res<\/p>\n[fusion_global id=\"12385\"]\n","protected":false},"featured_media":9685,"comment_status":"closed","ping_status":"closed","template":"","meta":[],"product_brand":[],"product_cat":[984,945,955,954],"product_tag":[],"class_list":{"0":"post-9684","1":"product","2":"type-product","3":"status-publish","4":"has-post-thumbnail","6":"product_cat-nahtkleber-randversiegelung-fr","7":"product_cat-strassenbau-fr","8":"product_cat-asphalt-fr","9":"product_cat-verkehrsflaechen-fr","11":"first","12":"instock","13":"product-type-simple"},"_links":{"self":[{"href":"https:\/\/dga.de\/fr\/wp-json\/wp\/v2\/product\/9684","targetHints":{"allow":["GET"]}}],"collection":[{"href":"https:\/\/dga.de\/fr\/wp-json\/wp\/v2\/product"}],"about":[{"href":"https:\/\/dga.de\/fr\/wp-json\/wp\/v2\/types\/product"}],"replies":[{"embeddable":true,"href":"https:\/\/dga.de\/fr\/wp-json\/wp\/v2\/comments?post=9684"}],"wp:featuredmedia":[{"embeddable":true,"href":"https:\/\/dga.de\/fr\/wp-json\/wp\/v2\/media\/9685"}],"wp:attachment":[{"href":"https:\/\/dga.de\/fr\/wp-json\/wp\/v2\/media?parent=9684"}],"wp:term":[{"taxonomy":"product_brand","embeddable":true,"href":"https:\/\/dga.de\/fr\/wp-json\/wp\/v2\/product_brand?post=9684"},{"taxonomy":"product_cat","embeddable":true,"href":"https:\/\/dga.de\/fr\/wp-json\/wp\/v2\/product_cat?post=9684"},{"taxonomy":"product_tag","embeddable":true,"href":"https:\/\/dga.de\/fr\/wp-json\/wp\/v2\/product_tag?post=9684"}],"curies":[{"name":"wp","href":"https:\/\/api.w.org\/{rel}","templated":true}]}}