{"id":9686,"date":"2019-03-26T11:48:51","date_gmt":"2019-03-26T10:48:51","guid":{"rendered":"https:\/\/dga.de\/produkt\/biguma-tl-82-4\/"},"modified":"2022-04-11T11:30:48","modified_gmt":"2022-04-11T09:30:48","slug":"biguma-tl-82-4","status":"publish","type":"product","link":"https:\/\/dga.de\/fr\/produkt\/biguma-tl-82-4\/","title":{"rendered":"BIGUMA\u00ae- TL 82"},"content":{"rendered":"<p>BBIGUMA\u00ae- TL 82 est une masse de scellement de haute qualit\u00e9 qui convient au remplissage des joints des zones de circulation en b\u00e9ton et en enrob\u00e9. Gr\u00e2ce \u00e0 sa conception plastico-\u00e9lastique, elle offre un \u00e9quilibre optimal entre l&rsquo;absorption des mouvements et la r\u00e9duction des tensions dans le joint, de m\u00eame qu&rsquo;une bonne adh\u00e9rence sur les supports bitumeux et min\u00e9raux.<br \/>\nBIGUMA\u00ae- TL 82 accepte de nombreuses possibilit\u00e9s d&rsquo;application gr\u00e2ce \u00e0 ses propri\u00e9t\u00e9s \u00e9quilibr\u00e9es.<\/p>\n<p>Homologations : TL Fug-StB, DIN EN 14188-1, type N2<\/p>\n","protected":false},"excerpt":{"rendered":"<p>Masse de scellement bitumeuse modifi\u00e9e par des polym\u00e8res<\/p>\n[fusion_global id=\"12385\"]\n","protected":false},"featured_media":15812,"comment_status":"closed","ping_status":"closed","template":"","meta":[],"product_brand":[],"product_cat":[945,946],"product_tag":[],"class_list":{"0":"post-9686","1":"product","2":"type-product","3":"status-publish","4":"has-post-thumbnail","6":"product_cat-strassenbau-fr","7":"product_cat-fugenmassen-strassenbau-2-fr","9":"first","10":"instock","11":"product-type-simple"},"_links":{"self":[{"href":"https:\/\/dga.de\/fr\/wp-json\/wp\/v2\/product\/9686","targetHints":{"allow":["GET"]}}],"collection":[{"href":"https:\/\/dga.de\/fr\/wp-json\/wp\/v2\/product"}],"about":[{"href":"https:\/\/dga.de\/fr\/wp-json\/wp\/v2\/types\/product"}],"replies":[{"embeddable":true,"href":"https:\/\/dga.de\/fr\/wp-json\/wp\/v2\/comments?post=9686"}],"wp:featuredmedia":[{"embeddable":true,"href":"https:\/\/dga.de\/fr\/wp-json\/wp\/v2\/media\/15812"}],"wp:attachment":[{"href":"https:\/\/dga.de\/fr\/wp-json\/wp\/v2\/media?parent=9686"}],"wp:term":[{"taxonomy":"product_brand","embeddable":true,"href":"https:\/\/dga.de\/fr\/wp-json\/wp\/v2\/product_brand?post=9686"},{"taxonomy":"product_cat","embeddable":true,"href":"https:\/\/dga.de\/fr\/wp-json\/wp\/v2\/product_cat?post=9686"},{"taxonomy":"product_tag","embeddable":true,"href":"https:\/\/dga.de\/fr\/wp-json\/wp\/v2\/product_tag?post=9686"}],"curies":[{"name":"wp","href":"https:\/\/api.w.org\/{rel}","templated":true}]}}