{"id":9688,"date":"2019-03-26T11:48:51","date_gmt":"2019-03-26T10:48:51","guid":{"rendered":"https:\/\/dga.de\/produkt\/biguma-connect-4\/"},"modified":"2022-11-24T11:57:34","modified_gmt":"2022-11-24T10:57:34","slug":"biguma-connect-4","status":"publish","type":"product","link":"https:\/\/dga.de\/fr\/produkt\/biguma-connect-4\/","title":{"rendered":"BIGUMA\u00ae- Connect"},"content":{"rendered":"<p>Notre nouvelle masse de scellement BIGUMA\u00ae- Connect est id\u00e9ale pour le remplissage des joints des zones de circulation en b\u00e9ton et en enrob\u00e9.<br \/>\nGr\u00e2ce \u00e0 sa composition, elle se distingue par une tr\u00e8s bonne adh\u00e9rence aux supports min\u00e9raux et peut \u00eatre parfaitement appliqu\u00e9e m\u00eame sans primaire dans les zones de circulation en b\u00e9ton, ce qui vous \u00e9pargne tout un processus.<\/p>\n<p>Homologations : TL Fug-StB, DIN EN 14188-1, type N2,<br \/>\nTest de performance du BAM (Bundesanstalt f\u00fcr Materialpr\u00fcfung &#8211; BAM) (rapport d&rsquo;essai BAM 7.1\/17038499)<\/p>\n","protected":false},"excerpt":{"rendered":"<p>Masse de scellement applicable sans primaire, certifi\u00e9e BAM<\/p>\n[fusion_global id=\"12385\"]\n","protected":false},"featured_media":15614,"comment_status":"closed","ping_status":"closed","template":"","meta":[],"product_brand":[],"product_cat":[992,945,993,954],"product_tag":[],"class_list":{"0":"post-9688","1":"product","2":"type-product","3":"status-publish","4":"has-post-thumbnail","6":"product_cat-beton-fr","7":"product_cat-strassenbau-fr","8":"product_cat-fugenmassen-fr","9":"product_cat-verkehrsflaechen-fr","11":"first","12":"instock","13":"product-type-simple"},"_links":{"self":[{"href":"https:\/\/dga.de\/fr\/wp-json\/wp\/v2\/product\/9688","targetHints":{"allow":["GET"]}}],"collection":[{"href":"https:\/\/dga.de\/fr\/wp-json\/wp\/v2\/product"}],"about":[{"href":"https:\/\/dga.de\/fr\/wp-json\/wp\/v2\/types\/product"}],"replies":[{"embeddable":true,"href":"https:\/\/dga.de\/fr\/wp-json\/wp\/v2\/comments?post=9688"}],"wp:featuredmedia":[{"embeddable":true,"href":"https:\/\/dga.de\/fr\/wp-json\/wp\/v2\/media\/15614"}],"wp:attachment":[{"href":"https:\/\/dga.de\/fr\/wp-json\/wp\/v2\/media?parent=9688"}],"wp:term":[{"taxonomy":"product_brand","embeddable":true,"href":"https:\/\/dga.de\/fr\/wp-json\/wp\/v2\/product_brand?post=9688"},{"taxonomy":"product_cat","embeddable":true,"href":"https:\/\/dga.de\/fr\/wp-json\/wp\/v2\/product_cat?post=9688"},{"taxonomy":"product_tag","embeddable":true,"href":"https:\/\/dga.de\/fr\/wp-json\/wp\/v2\/product_tag?post=9688"}],"curies":[{"name":"wp","href":"https:\/\/api.w.org\/{rel}","templated":true}]}}