{"id":9690,"date":"2019-03-26T11:48:51","date_gmt":"2019-03-26T10:48:51","guid":{"rendered":"https:\/\/dga.de\/produkt\/biguma-asphalt\/"},"modified":"2022-04-11T11:52:16","modified_gmt":"2022-04-11T09:52:16","slug":"biguma-asphalt","status":"publish","type":"product","link":"https:\/\/dga.de\/fr\/produkt\/biguma-asphalt\/","title":{"rendered":"BIGUMA\u00ae- Asphalt"},"content":{"rendered":"<p>La masse de scellement BIGUMA\u00ae- Asphalt est sp\u00e9cialement con\u00e7ue pour une utilisation dans des zones en enrob\u00e9. La tr\u00e8s bonne fluidit\u00e9 de la masse assure une vitesse de travail \u00e9lev\u00e9e et un bon remplissage de la zone de scellement.<\/p>\n<p>Homologations : TL Fug-StB, DIN EN 14188-1, type N2<\/p>\n","protected":false},"excerpt":{"rendered":"<p>Masse de scellement bitumeuse modifi\u00e9e par des polym\u00e8res pour les zones de circulation en enrob\u00e9<\/p>\n[fusion_global id=\"12385\"]\n","protected":false},"featured_media":15545,"comment_status":"closed","ping_status":"closed","template":"","meta":[],"product_brand":[],"product_cat":[945,955,999,954],"product_tag":[],"class_list":{"0":"post-9690","1":"product","2":"type-product","3":"status-publish","4":"has-post-thumbnail","6":"product_cat-strassenbau-fr","7":"product_cat-asphalt-fr","8":"product_cat-fugenmassen-verkehrsflaechen-strassenbau-2-fr","9":"product_cat-verkehrsflaechen-fr","11":"first","12":"instock","13":"product-type-simple"},"_links":{"self":[{"href":"https:\/\/dga.de\/fr\/wp-json\/wp\/v2\/product\/9690","targetHints":{"allow":["GET"]}}],"collection":[{"href":"https:\/\/dga.de\/fr\/wp-json\/wp\/v2\/product"}],"about":[{"href":"https:\/\/dga.de\/fr\/wp-json\/wp\/v2\/types\/product"}],"replies":[{"embeddable":true,"href":"https:\/\/dga.de\/fr\/wp-json\/wp\/v2\/comments?post=9690"}],"wp:featuredmedia":[{"embeddable":true,"href":"https:\/\/dga.de\/fr\/wp-json\/wp\/v2\/media\/15545"}],"wp:attachment":[{"href":"https:\/\/dga.de\/fr\/wp-json\/wp\/v2\/media?parent=9690"}],"wp:term":[{"taxonomy":"product_brand","embeddable":true,"href":"https:\/\/dga.de\/fr\/wp-json\/wp\/v2\/product_brand?post=9690"},{"taxonomy":"product_cat","embeddable":true,"href":"https:\/\/dga.de\/fr\/wp-json\/wp\/v2\/product_cat?post=9690"},{"taxonomy":"product_tag","embeddable":true,"href":"https:\/\/dga.de\/fr\/wp-json\/wp\/v2\/product_tag?post=9690"}],"curies":[{"name":"wp","href":"https:\/\/api.w.org\/{rel}","templated":true}]}}